{"id":1396,"date":"2024-03-05T00:00:58","date_gmt":"2024-03-05T00:00:58","guid":{"rendered":"https:\/\/www.valedolobo.com\/?page_id=1396"},"modified":"2024-07-17T13:47:53","modified_gmt":"2024-07-17T13:47:53","slug":"tennis-padel","status":"publish","type":"page","link":"https:\/\/www.valedolobo.com\/en\/activities\/tennis-padel\/","title":{"rendered":"Tennis &#038; Padel"},"content":{"rendered":"","protected":false},"excerpt":{"rendered":"<p>The Vale do Lobo Tennis Academy boasts a total of tennis courts, mini tennis and padel facilities.<\/p>\n","protected":false},"author":2,"featured_media":7732,"parent":1546,"menu_order":0,"comment_status":"closed","ping_status":"closed","template":"","meta":{"_acf_changed":false,"footnotes":""},"acf":[],"yoast_head":"<!-- This site is optimized with the Yoast SEO Premium plugin v23.0 (Yoast SEO v23.0) - https:\/\/yoast.com\/wordpress\/plugins\/seo\/ -->\n<title>Vale do Lobo Tennis Academy | Elevate your game<\/title>\n<meta name=\"description\" content=\"Become an ace at Vale do Lobo Tennis Academy. Book for tennis and padel, embrace excellence. Elevate life through sport.\" \/>\n<meta name=\"robots\" content=\"index, follow, max-snippet:-1, max-image-preview:large, max-video-preview:-1\" \/>\n<link rel=\"canonical\" href=\"https:\/\/www.valedolobo.com\/en\/activities\/tennis-padel\/\" \/>\n<meta property=\"og:locale\" content=\"en_GB\" \/>\n<meta property=\"og:type\" content=\"article\" \/>\n<meta property=\"og:title\" content=\"Tennis &amp; Padel\" \/>\n<meta property=\"og:description\" content=\"Become an ace at Vale do Lobo Tennis Academy. Book for tennis and padel, embrace excellence. Elevate life through sport.\" \/>\n<meta property=\"og:url\" content=\"https:\/\/www.valedolobo.com\/en\/activities\/tennis-padel\/\" \/>\n<meta property=\"og:site_name\" content=\"Vale do Lobo\" \/>\n<meta property=\"article:publisher\" content=\"https:\/\/www.facebook.com\/ValedoLoboAlgarve\/\" \/>\n<meta property=\"article:modified_time\" content=\"2024-07-17T13:47:53+00:00\" \/>\n<meta property=\"og:image\" content=\"https:\/\/www.valedolobo.com\/wp-content\/uploads\/2024\/07\/7b4771e0762ff6663ef2a31b55b810c7.png\" \/>\n\t<meta property=\"og:image:width\" content=\"768\" \/>\n\t<meta property=\"og:image:height\" content=\"512\" \/>\n\t<meta property=\"og:image:type\" content=\"image\/png\" \/>\n<meta name=\"twitter:card\" content=\"summary_large_image\" \/>\n<meta name=\"twitter:label1\" content=\"Estimated reading time\" \/>\n\t<meta name=\"twitter:data1\" content=\"1 minute\" \/>\n<script type=\"application\/ld+json\" class=\"yoast-schema-graph\">{\"@context\":\"https:\/\/schema.org\",\"@graph\":[{\"@type\":\"WebPage\",\"@id\":\"https:\/\/www.valedolobo.com\/activities\/tennis-padel\/\",\"url\":\"https:\/\/www.valedolobo.com\/activities\/tennis-padel\/\",\"name\":\"Vale do Lobo Tennis Academy | Elevate your game\",\"isPartOf\":{\"@id\":\"https:\/\/www.valedolobo.com\/#website\"},\"primaryImageOfPage\":{\"@id\":\"https:\/\/www.valedolobo.com\/activities\/tennis-padel\/#primaryimage\"},\"image\":{\"@id\":\"https:\/\/www.valedolobo.com\/activities\/tennis-padel\/#primaryimage\"},\"thumbnailUrl\":\"https:\/\/www.valedolobo.com\/wp-content\/uploads\/2024\/07\/7b4771e0762ff6663ef2a31b55b810c7.png\",\"datePublished\":\"2024-03-05T00:00:58+00:00\",\"dateModified\":\"2024-07-17T13:47:53+00:00\",\"description\":\"Become an ace at Vale do Lobo Tennis Academy. Book for tennis and padel, embrace excellence. Elevate life through sport.\",\"breadcrumb\":{\"@id\":\"https:\/\/www.valedolobo.com\/activities\/tennis-padel\/#breadcrumb\"},\"inLanguage\":\"en-GB\",\"potentialAction\":[{\"@type\":\"ReadAction\",\"target\":[\"https:\/\/www.valedolobo.com\/activities\/tennis-padel\/\"]}]},{\"@type\":\"ImageObject\",\"inLanguage\":\"en-GB\",\"@id\":\"https:\/\/www.valedolobo.com\/activities\/tennis-padel\/#primaryimage\",\"url\":\"https:\/\/www.valedolobo.com\/wp-content\/uploads\/2024\/07\/7b4771e0762ff6663ef2a31b55b810c7.png\",\"contentUrl\":\"https:\/\/www.valedolobo.com\/wp-content\/uploads\/2024\/07\/7b4771e0762ff6663ef2a31b55b810c7.png\",\"width\":768,\"height\":512},{\"@type\":\"BreadcrumbList\",\"@id\":\"https:\/\/www.valedolobo.com\/activities\/tennis-padel\/#breadcrumb\",\"itemListElement\":[{\"@type\":\"ListItem\",\"position\":1,\"name\":\"Home\",\"item\":\"https:\/\/www.valedolobo.com\/\"},{\"@type\":\"ListItem\",\"position\":2,\"name\":\"Events &#038; Experiences\",\"item\":\"https:\/\/www.valedolobo.com\/activities\/\"},{\"@type\":\"ListItem\",\"position\":3,\"name\":\"Tennis &#038; Padel\"}]},{\"@type\":\"WebSite\",\"@id\":\"https:\/\/www.valedolobo.com\/#website\",\"url\":\"https:\/\/www.valedolobo.com\/\",\"name\":\"Vale do Lobo Resort\",\"description\":\"Your Legendary Luxurious Resort\",\"publisher\":{\"@id\":\"https:\/\/www.valedolobo.com\/#organization\"},\"alternateName\":\"Vale do Lobo\",\"potentialAction\":[{\"@type\":\"SearchAction\",\"target\":{\"@type\":\"EntryPoint\",\"urlTemplate\":\"https:\/\/www.valedolobo.com\/?s={search_term_string}\"},\"query-input\":\"required name=search_term_string\"}],\"inLanguage\":\"en-GB\"},{\"@type\":\"Organization\",\"@id\":\"https:\/\/www.valedolobo.com\/#organization\",\"name\":\"Vale do Lobo Resort\",\"alternateName\":\"Vale do Lobo\",\"url\":\"https:\/\/www.valedolobo.com\/\",\"logo\":{\"@type\":\"ImageObject\",\"inLanguage\":\"en-GB\",\"@id\":\"https:\/\/www.valedolobo.com\/#\/schema\/logo\/image\/\",\"url\":\"https:\/\/www.valedolobo.com\/wp-content\/uploads\/2026\/01\/VDL_logo-2.png\",\"contentUrl\":\"https:\/\/www.valedolobo.com\/wp-content\/uploads\/2026\/01\/VDL_logo-2.png\",\"width\":298,\"height\":170,\"caption\":\"Vale do Lobo Resort\"},\"image\":{\"@id\":\"https:\/\/www.valedolobo.com\/#\/schema\/logo\/image\/\"},\"sameAs\":[\"https:\/\/www.facebook.com\/ValedoLoboAlgarve\/\",\"https:\/\/www.linkedin.com\/company\/vale-do-lobo\/\",\"https:\/\/www.youtube.com\/@valedoloboalgarve\",\"https:\/\/www.instagram.com\/vale.do.lobo\/\"],\"description\":\"Um dos resorts de luxo mais prestigiados da Europa, localizado no Algarve, oferecendo campos de golfe de classe mundial, t\u00e9nis, spa e alojamento exclusivo \u00e0 beira-mar.\",\"email\":\"recepcao@vdl.pt\",\"telephone\":\"00351289353000\",\"legalName\":\"Vale do Lobo, Resort Tur\u00edstico de Luxo, S.A.\",\"foundingDate\":\"1962-08-01\",\"vatID\":\"500697469\"}]}<\/script>\n<!-- \/ Yoast SEO Premium plugin. -->","yoast_head_json":{"title":"Vale do Lobo Tennis Academy | Elevate your game","description":"Become an ace at Vale do Lobo Tennis Academy. Book for tennis and padel, embrace excellence. Elevate life through sport.","robots":{"index":"index","follow":"follow","max-snippet":"max-snippet:-1","max-image-preview":"max-image-preview:large","max-video-preview":"max-video-preview:-1"},"canonical":"https:\/\/www.valedolobo.com\/en\/activities\/tennis-padel\/","og_locale":"en_GB","og_type":"article","og_title":"Tennis & Padel","og_description":"Become an ace at Vale do Lobo Tennis Academy. Book for tennis and padel, embrace excellence. Elevate life through sport.","og_url":"https:\/\/www.valedolobo.com\/en\/activities\/tennis-padel\/","og_site_name":"Vale do Lobo","article_publisher":"https:\/\/www.facebook.com\/ValedoLoboAlgarve\/","article_modified_time":"2024-07-17T13:47:53+00:00","og_image":[{"width":768,"height":512,"url":"https:\/\/www.valedolobo.com\/wp-content\/uploads\/2024\/07\/7b4771e0762ff6663ef2a31b55b810c7.png","type":"image\/png"}],"twitter_card":"summary_large_image","twitter_misc":{"Estimated reading time":"1 minute"},"schema":{"@context":"https:\/\/schema.org","@graph":[{"@type":"WebPage","@id":"https:\/\/www.valedolobo.com\/activities\/tennis-padel\/","url":"https:\/\/www.valedolobo.com\/activities\/tennis-padel\/","name":"Vale do Lobo Tennis Academy | Elevate your game","isPartOf":{"@id":"https:\/\/www.valedolobo.com\/#website"},"primaryImageOfPage":{"@id":"https:\/\/www.valedolobo.com\/activities\/tennis-padel\/#primaryimage"},"image":{"@id":"https:\/\/www.valedolobo.com\/activities\/tennis-padel\/#primaryimage"},"thumbnailUrl":"https:\/\/www.valedolobo.com\/wp-content\/uploads\/2024\/07\/7b4771e0762ff6663ef2a31b55b810c7.png","datePublished":"2024-03-05T00:00:58+00:00","dateModified":"2024-07-17T13:47:53+00:00","description":"Become an ace at Vale do Lobo Tennis Academy. Book for tennis and padel, embrace excellence. Elevate life through sport.","breadcrumb":{"@id":"https:\/\/www.valedolobo.com\/activities\/tennis-padel\/#breadcrumb"},"inLanguage":"en-GB","potentialAction":[{"@type":"ReadAction","target":["https:\/\/www.valedolobo.com\/activities\/tennis-padel\/"]}]},{"@type":"ImageObject","inLanguage":"en-GB","@id":"https:\/\/www.valedolobo.com\/activities\/tennis-padel\/#primaryimage","url":"https:\/\/www.valedolobo.com\/wp-content\/uploads\/2024\/07\/7b4771e0762ff6663ef2a31b55b810c7.png","contentUrl":"https:\/\/www.valedolobo.com\/wp-content\/uploads\/2024\/07\/7b4771e0762ff6663ef2a31b55b810c7.png","width":768,"height":512},{"@type":"BreadcrumbList","@id":"https:\/\/www.valedolobo.com\/activities\/tennis-padel\/#breadcrumb","itemListElement":[{"@type":"ListItem","position":1,"name":"Home","item":"https:\/\/www.valedolobo.com\/"},{"@type":"ListItem","position":2,"name":"Events &#038; Experiences","item":"https:\/\/www.valedolobo.com\/activities\/"},{"@type":"ListItem","position":3,"name":"Tennis &#038; Padel"}]},{"@type":"WebSite","@id":"https:\/\/www.valedolobo.com\/#website","url":"https:\/\/www.valedolobo.com\/","name":"Vale do Lobo Resort","description":"Your Legendary Luxurious Resort","publisher":{"@id":"https:\/\/www.valedolobo.com\/#organization"},"alternateName":"Vale do Lobo","potentialAction":[{"@type":"SearchAction","target":{"@type":"EntryPoint","urlTemplate":"https:\/\/www.valedolobo.com\/?s={search_term_string}"},"query-input":"required name=search_term_string"}],"inLanguage":"en-GB"},{"@type":"Organization","@id":"https:\/\/www.valedolobo.com\/#organization","name":"Vale do Lobo Resort","alternateName":"Vale do Lobo","url":"https:\/\/www.valedolobo.com\/","logo":{"@type":"ImageObject","inLanguage":"en-GB","@id":"https:\/\/www.valedolobo.com\/#\/schema\/logo\/image\/","url":"https:\/\/www.valedolobo.com\/wp-content\/uploads\/2026\/01\/VDL_logo-2.png","contentUrl":"https:\/\/www.valedolobo.com\/wp-content\/uploads\/2026\/01\/VDL_logo-2.png","width":298,"height":170,"caption":"Vale do Lobo Resort"},"image":{"@id":"https:\/\/www.valedolobo.com\/#\/schema\/logo\/image\/"},"sameAs":["https:\/\/www.facebook.com\/ValedoLoboAlgarve\/","https:\/\/www.linkedin.com\/company\/vale-do-lobo\/","https:\/\/www.youtube.com\/@valedoloboalgarve","https:\/\/www.instagram.com\/vale.do.lobo\/"],"description":"Um dos resorts de luxo mais prestigiados da Europa, localizado no Algarve, oferecendo campos de golfe de classe mundial, t\u00e9nis, spa e alojamento exclusivo \u00e0 beira-mar.","email":"recepcao@vdl.pt","telephone":"00351289353000","legalName":"Vale do Lobo, Resort Tur\u00edstico de Luxo, S.A.","foundingDate":"1962-08-01","vatID":"500697469"}]}},"_links":{"self":[{"href":"https:\/\/www.valedolobo.com\/en\/wp-json\/wp\/v2\/pages\/1396"}],"collection":[{"href":"https:\/\/www.valedolobo.com\/en\/wp-json\/wp\/v2\/pages"}],"about":[{"href":"https:\/\/www.valedolobo.com\/en\/wp-json\/wp\/v2\/types\/page"}],"author":[{"embeddable":true,"href":"https:\/\/www.valedolobo.com\/en\/wp-json\/wp\/v2\/users\/2"}],"replies":[{"embeddable":true,"href":"https:\/\/www.valedolobo.com\/en\/wp-json\/wp\/v2\/comments?post=1396"}],"version-history":[{"count":2,"href":"https:\/\/www.valedolobo.com\/en\/wp-json\/wp\/v2\/pages\/1396\/revisions"}],"predecessor-version":[{"id":7733,"href":"https:\/\/www.valedolobo.com\/en\/wp-json\/wp\/v2\/pages\/1396\/revisions\/7733"}],"up":[{"embeddable":true,"href":"https:\/\/www.valedolobo.com\/en\/wp-json\/wp\/v2\/pages\/1546"}],"wp:featuredmedia":[{"embeddable":true,"href":"https:\/\/www.valedolobo.com\/en\/wp-json\/wp\/v2\/media\/7732"}],"wp:attachment":[{"href":"https:\/\/www.valedolobo.com\/en\/wp-json\/wp\/v2\/media?parent=1396"}],"curies":[{"name":"wp","href":"https:\/\/api.w.org\/{rel}","templated":true}]}}