{"id":7571,"date":"2024-09-17T14:12:47","date_gmt":"2024-09-17T14:12:47","guid":{"rendered":"https:\/\/www.valedolobo.com\/?page_id=7571"},"modified":"2024-09-23T11:50:22","modified_gmt":"2024-09-23T11:50:22","slug":"wolf-valley-charity-fund","status":"publish","type":"page","link":"https:\/\/www.valedolobo.com\/en\/community\/wolf-valley-charity-fund\/","title":{"rendered":"Wolf Valley Charity Fund"},"content":{"rendered":"\t\t<div data-elementor-type=\"wp-page\" data-elementor-id=\"7571\" class=\"elementor elementor-7571\" data-elementor-post-type=\"page\">\n\t\t\t\t<div class=\"elementor-element elementor-element-b8e6d3f e-con-full e-flex e-con e-parent\" data-id=\"b8e6d3f\" data-element_type=\"container\">\n\t\t\t\t<div class=\"elementor-element elementor-element-9245c81 elementor-widget elementor-widget-dng_banner\" data-id=\"9245c81\" data-element_type=\"widget\" data-widget_type=\"dng_banner.default\">\n\t\t\t\t<div class=\"elementor-widget-container\">\n\t\t\t\t<!-- Desktop Banner -->\n\t<div class=\"dng-banner dng-banner--desktop\" style=\"background-image:url('https:\/\/www.valedolobo.com\/wp-content\/uploads\/2024\/09\/20230415_16_SPRING_Market_TEAM_013_FHD.jpg');\">\n\t\t<h1 class=\"sr-only\">Wolf Valley Charity Fund<\/h1>\n\t\t<div class=\"dng-container dng-banner__container\">\n\t\t<a href=\"https:\/\/www.valedolobo.com\/community\/\" class=\"dng-banner__go-back\">\n\t\t\t<svg class=\"dng-banner__go-back-arrow\" width=\"22\" height=\"18\" viewBox=\"0 0 22 18\" fill=\"none\" xmlns=\"http:\/\/www.w3.org\/2000\/svg\">\n\t\t\t\t\t<line x1=\"21.041\" y1=\"9\" x2=\"1.44918\" y2=\"9\" stroke=\"white\"\/>\n\t\t\t\t\t<path d=\"M8.79688 17L0.960141 9L8.79688 1\" stroke=\"white\"\/>\n\t\t\t<\/svg>\n\t\t\t<span class=\"dng-banner__go-back-text\">Back to Community<\/span>\n\t\t<\/a>\n\t\t<div class=\"dng-banner__title text-highlight text-highlight--display\">Wolf Valley Charity Fund<\/div>\n\t\t<svg class=\"dng-banner__see-more\" width=\"72\" height=\"72\" viewBox=\"0 0 72 72\" fill=\"none\" xmlns=\"http:\/\/www.w3.org\/2000\/svg\">\n\t\t\t<circle opacity=\"0.25\" cx=\"36\" cy=\"36\" r=\"35.5\" stroke=\"white\"><\/circle>\n\t\t\t<line x1=\"35.9902\" y1=\"25.959\" x2=\"35.9902\" y2=\"45.5508\" stroke=\"white\"><\/line>\n\t\t\t<path d=\"M44.167 38.2041L36.0003 46.0408L27.8337 38.2041\" stroke=\"white\"><\/path>\n\t\t<\/svg>\n\t\t<\/div>\n\t<\/div>\n\n\t<div class=\"dng-banner dng-banner--mobile\" style=\"background-image:url('https:\/\/www.valedolobo.com\/wp-content\/uploads\/2024\/09\/20230415_16_SPRING_Market_TEAM_013_FHD.jpg');\">\n\t\t<div class=\"dng-container dng-banner__container\">\n\t\t<a href=\"https:\/\/www.valedolobo.com\/community\/\" class=\"dng-banner__go-back\">\n\t\t\t<svg class=\"dng-banner__go-back-arrow\" width=\"22\" height=\"18\" viewBox=\"0 0 22 18\" fill=\"none\" xmlns=\"http:\/\/www.w3.org\/2000\/svg\">\n\t\t\t\t\t<line x1=\"21.041\" y1=\"9\" x2=\"1.44918\" y2=\"9\" stroke=\"white\"\/>\n\t\t\t\t\t<path d=\"M8.79688 17L0.960141 9L8.79688 1\" stroke=\"white\"\/>\n\t\t\t<\/svg>\n\t\t\t<span class=\"dng-banner__go-back-text\">Back to Community<\/span>\n\t\t<\/a>\n\t\t<div class=\"dng-banner__title text-highlight text-highlight--display\">Wolf Valley Charity Fund<\/div>\n\t\t<svg class=\"dng-banner__see-more\" width=\"72\" height=\"72\" viewBox=\"0 0 72 72\" fill=\"none\" xmlns=\"http:\/\/www.w3.org\/2000\/svg\">\n\t\t\t<circle opacity=\"0.25\" cx=\"36\" cy=\"36\" r=\"35.5\" stroke=\"white\"><\/circle>\n\t\t\t<line x1=\"35.9902\" y1=\"25.959\" x2=\"35.9902\" y2=\"45.5508\" stroke=\"white\"><\/line>\n\t\t\t<path d=\"M44.167 38.2041L36.0003 46.0408L27.8337 38.2041\" stroke=\"white\"><\/path>\n\t\t<\/svg>\n\t\t<\/div>\n\t<\/div>\n\t\t\t\t<\/div>\n\t\t\t\t<\/div>\n\t\t\t\t<\/div>\n\t\t<div class=\"elementor-element elementor-element-f208f88 e-flex e-con-boxed e-con e-parent\" data-id=\"f208f88\" data-element_type=\"container\">\n\t\t\t\t\t<div class=\"e-con-inner\">\n\t\t\t\t<div class=\"elementor-element elementor-element-c2c713a elementor-widget elementor-widget-heading\" data-id=\"c2c713a\" data-element_type=\"widget\" data-widget_type=\"heading.default\">\n\t\t\t\t<div class=\"elementor-widget-container\">\n\t\t\t<h2 class=\"elementor-heading-title elementor-size-default\">Helping those less fortunate in the local area<\/h2>\t\t<\/div>\n\t\t\t\t<\/div>\n\t\t<div class=\"elementor-element elementor-element-bd07644 e-con-full e-flex e-con e-child\" data-id=\"bd07644\" data-element_type=\"container\">\n\t\t\t\t<div class=\"elementor-element elementor-element-0ccecf2 elementor-widget elementor-widget-image\" data-id=\"0ccecf2\" data-element_type=\"widget\" data-widget_type=\"image.default\">\n\t\t\t\t<div class=\"elementor-widget-container\">\n\t\t\t\t\t\t\t\t\t\t\t\t\t<img decoding=\"async\" width=\"160\" height=\"160\" src=\"https:\/\/www.valedolobo.com\/wp-content\/uploads\/2024\/08\/wolf-valley-charity-fund-logo.webp\" class=\"attachment-large size-large wp-image-8546\" alt=\"\" srcset=\"https:\/\/www.valedolobo.com\/wp-content\/uploads\/2024\/08\/wolf-valley-charity-fund-logo.webp 160w, https:\/\/www.valedolobo.com\/wp-content\/uploads\/2024\/08\/wolf-valley-charity-fund-logo-150x150.webp 150w, https:\/\/www.valedolobo.com\/wp-content\/uploads\/2024\/08\/wolf-valley-charity-fund-logo-12x12.webp 12w\" sizes=\"(max-width: 160px) 100vw, 160px\" \/>\t\t\t\t\t\t\t\t\t\t\t\t\t<\/div>\n\t\t\t\t<\/div>\n\t\t\t\t<div class=\"elementor-element elementor-element-46ace4d elementor-widget elementor-widget-text-editor\" data-id=\"46ace4d\" data-element_type=\"widget\" data-widget_type=\"text-editor.default\">\n\t\t\t\t<div class=\"elementor-widget-container\">\n\t\t\t\t\t\t\t<p style=\"text-align: center;\">Vale do Lobo is a resort where a strong sense of community remains an integral part of resort life. The Wolf Valley Charity Fund was founded in 1999 by a group of Vale do Lobo residents eager to support the local Portuguese community. Over the years, it has made a significant difference to several local institutions.<\/p><p style=\"text-align: center;\">The charity relies on the generosity and enthusiastic participation of Vale do Lobo companies and staff, as well as Vale do Lobo property owners, linked operators, local companies and other kind friends.<\/p><p style=\"text-align: center;\">The annual Charity Day continues to be a focal point in the local fund-raising calendar and has become a popular social event. It guarantees a fun-packed day of activities for all the family, as well as providing an excellent opportunity for the Charity to attract new supporters.<\/p>\t\t\t\t\t\t<\/div>\n\t\t\t\t<\/div>\n\t\t\t\t<div class=\"elementor-element elementor-element-d8f7371 elementor-widget__width-initial elementor-list-item-link-inline elementor-align-center elementor-icon-list--layout-traditional elementor-widget elementor-widget-icon-list\" data-id=\"d8f7371\" data-element_type=\"widget\" data-widget_type=\"icon-list.default\">\n\t\t\t\t<div class=\"elementor-widget-container\">\n\t\t\t\t\t<ul class=\"elementor-icon-list-items\">\n\t\t\t\t\t\t\t<li class=\"elementor-icon-list-item\">\n\t\t\t\t\t\t\t\t\t\t\t<a href=\"mailto:help@wolfvalleycharity.com\">\n\n\t\t\t\t\t\t\t\t\t\t\t\t<span class=\"elementor-icon-list-icon\">\n\t\t\t\t\t\t\t<svg aria-hidden=\"true\" class=\"e-font-icon-svg e-fas-envelope\" viewBox=\"0 0 512 512\" xmlns=\"http:\/\/www.w3.org\/2000\/svg\"><path d=\"M502.3 190.8c3.9-3.1 9.7-.2 9.7 4.7V400c0 26.5-21.5 48-48 48H48c-26.5 0-48-21.5-48-48V195.6c0-5 5.7-7.8 9.7-4.7 22.4 17.4 52.1 39.5 154.1 113.6 21.1 15.4 56.7 47.8 92.2 47.6 35.7.3 72-32.8 92.3-47.6 102-74.1 131.6-96.3 154-113.7zM256 320c23.2.4 56.6-29.2 73.4-41.4 132.7-96.3 142.8-104.7 173.4-128.7 5.8-4.5 9.2-11.5 9.2-18.9v-19c0-26.5-21.5-48-48-48H48C21.5 64 0 85.5 0 112v19c0 7.4 3.4 14.3 9.2 18.9 30.6 23.9 40.7 32.4 173.4 128.7 16.8 12.2 50.2 41.8 73.4 41.4z\"><\/path><\/svg>\t\t\t\t\t\t<\/span>\n\t\t\t\t\t\t\t\t\t\t<span class=\"elementor-icon-list-text\">Email: help@wolfvalleycharity.com<\/span>\n\t\t\t\t\t\t\t\t\t\t\t<\/a>\n\t\t\t\t\t\t\t\t\t<\/li>\n\t\t\t\t\t\t<\/ul>\n\t\t\t\t<\/div>\n\t\t\t\t<\/div>\n\t\t\t\t<\/div>\n\t\t\t\t\t<\/div>\n\t\t\t\t<\/div>\n\t\t<div class=\"elementor-element elementor-element-baad2fe e-flex e-con-boxed e-con e-parent\" data-id=\"baad2fe\" data-element_type=\"container\">\n\t\t\t\t\t<div class=\"e-con-inner\">\n\t\t<div class=\"elementor-element elementor-element-0561b57 e-con-full e-flex e-con e-child\" data-id=\"0561b57\" data-element_type=\"container\" data-settings=\"{&quot;background_background&quot;:&quot;classic&quot;}\">\n\t\t\t\t<div class=\"elementor-element elementor-element-4b21d2d elementor-widget elementor-widget-text-editor\" data-id=\"4b21d2d\" data-element_type=\"widget\" data-widget_type=\"text-editor.default\">\n\t\t\t\t<div class=\"elementor-widget-container\">\n\t\t\t\t\t\t\t<p style=\"text-align: center;\">To help with fund raising for the WVCF or make a donation, please visit<\/p>\t\t\t\t\t\t<\/div>\n\t\t\t\t<\/div>\n\t\t\t\t<div class=\"elementor-element elementor-element-d892e6b elementor-widget__width-auto elementor-widget elementor-widget-button\" data-id=\"d892e6b\" data-element_type=\"widget\" data-widget_type=\"button.default\">\n\t\t\t\t<div class=\"elementor-widget-container\">\n\t\t\t\t\t<div class=\"elementor-button-wrapper\">\n\t\t\t<a class=\"elementor-button elementor-button-link elementor-size-sm\" href=\"https:\/\/wolfvalleycharity.com\/\" target=\"_blank\">\n\t\t\t\t\t\t<span class=\"elementor-button-content-wrapper\">\n\t\t\t\t\t\t\t\t\t<span class=\"elementor-button-text\">WVCF website<\/span>\n\t\t\t\t\t<\/span>\n\t\t\t\t\t<\/a>\n\t\t<\/div>\n\t\t\t\t<\/div>\n\t\t\t\t<\/div>\n\t\t\t\t<\/div>\n\t\t\t\t\t<\/div>\n\t\t\t\t<\/div>\n\t\t<div class=\"elementor-element elementor-element-83d4eb0 e-con-full e-flex e-con e-parent\" data-id=\"83d4eb0\" data-element_type=\"container\">\n\t\t\t\t<div class=\"elementor-element elementor-element-97dac5d elementor-widget elementor-widget-template\" data-id=\"97dac5d\" data-element_type=\"widget\" data-widget_type=\"template.default\">\n\t\t\t\t<div class=\"elementor-widget-container\">\n\t\t\t\t\t<div class=\"elementor-template\">\n\t\t\t\t\t<div data-elementor-type=\"section\" data-elementor-id=\"2473\" class=\"elementor elementor-2473\" data-elementor-post-type=\"elementor_library\">\n\t\t\t<div class=\"elementor-element elementor-element-a70a774 e-flex e-con-boxed e-con e-parent\" data-id=\"a70a774\" data-element_type=\"container\" data-settings=\"{&quot;background_background&quot;:&quot;classic&quot;}\">\n\t\t\t\t\t<div class=\"e-con-inner\">\n\t\t<div class=\"elementor-element elementor-element-582ce09 e-flex e-con-boxed elementor-invisible e-con e-child\" data-id=\"582ce09\" data-element_type=\"container\" data-settings=\"{&quot;animation&quot;:&quot;fadeIn&quot;}\">\n\t\t\t\t\t<div class=\"e-con-inner\">\n\t\t\t\t<div class=\"elementor-element elementor-element-30c5839 main-title elementor-widget elementor-widget-heading\" data-id=\"30c5839\" data-element_type=\"widget\" data-widget_type=\"heading.default\">\n\t\t\t\t<div class=\"elementor-widget-container\">\n\t\t\t<span class=\"elementor-heading-title elementor-size-default\">Create Your Own Tradition<\/span>\t\t<\/div>\n\t\t\t\t<\/div>\n\t\t\t\t<div class=\"elementor-element elementor-element-df21036 elementor-widget elementor-widget-text-editor\" data-id=\"df21036\" data-element_type=\"widget\" data-widget_type=\"text-editor.default\">\n\t\t\t\t<div class=\"elementor-widget-container\">\n\t\t\t\t\t\t\t<p>Become An Owner<\/p>\t\t\t\t\t\t<\/div>\n\t\t\t\t<\/div>\n\t\t\t\t<div class=\"elementor-element elementor-element-1085e5f elementor-align-center elementor-widget elementor-widget-button\" data-id=\"1085e5f\" data-element_type=\"widget\" data-open-form-real-estate=\"\" data-widget_type=\"button.default\">\n\t\t\t\t<div class=\"elementor-widget-container\">\n\t\t\t\t\t<div class=\"elementor-button-wrapper\">\n\t\t\t<a class=\"elementor-button elementor-size-sm\" role=\"button\">\n\t\t\t\t\t\t<span class=\"elementor-button-content-wrapper\">\n\t\t\t\t\t\t\t\t\t<span class=\"elementor-button-text\">Register your interest<\/span>\n\t\t\t\t\t<\/span>\n\t\t\t\t\t<\/a>\n\t\t<\/div>\n\t\t\t\t<\/div>\n\t\t\t\t<\/div>\n\t\t\t\t\t<\/div>\n\t\t\t\t<\/div>\n\t\t\t\t\t<\/div>\n\t\t\t\t<\/div>\n\t\t\t\t<\/div>\n\t\t\t\t<\/div>\n\t\t\t\t<\/div>\n\t\t\t\t<\/div>\n\t\t\t\t<\/div>\n\t\t\t\t<\/div>\n\t\t","protected":false},"excerpt":{"rendered":"<p>Back to Community Wolf Valley Charity Fund Helping those less fortunate in the local area Vale do Lobo is a resort where a strong sense of community remains an integral part of resort life. The Wolf Valley Charity Fund was founded in 1999 by a group of Vale do Lobo residents eager to support the [&hellip;]<\/p>\n","protected":false},"author":2,"featured_media":0,"parent":1372,"menu_order":0,"comment_status":"closed","ping_status":"closed","template":"","meta":{"_acf_changed":false,"footnotes":""},"acf":[],"yoast_head":"<!-- This site is optimized with the Yoast SEO Premium plugin v23.0 (Yoast SEO v23.0) - https:\/\/yoast.com\/wordpress\/plugins\/seo\/ -->\n<title>Wolf Valley Charity Fund | Vale do Lobo<\/title>\n<meta name=\"robots\" content=\"index, follow, max-snippet:-1, max-image-preview:large, max-video-preview:-1\" \/>\n<link rel=\"canonical\" href=\"https:\/\/www.valedolobo.com\/en\/community\/wolf-valley-charity-fund\/\" \/>\n<meta property=\"og:locale\" content=\"en_GB\" \/>\n<meta property=\"og:type\" content=\"article\" \/>\n<meta property=\"og:title\" content=\"Wolf Valley Charity Fund\" \/>\n<meta property=\"og:description\" content=\"Back to Community Wolf Valley Charity Fund Helping those less fortunate in the local area Vale do Lobo is a resort where a strong sense of community remains an integral part of resort life. The Wolf Valley Charity Fund was founded in 1999 by a group of Vale do Lobo residents eager to support the [&hellip;]\" \/>\n<meta property=\"og:url\" content=\"https:\/\/www.valedolobo.com\/en\/community\/wolf-valley-charity-fund\/\" \/>\n<meta property=\"og:site_name\" content=\"Vale do Lobo\" \/>\n<meta property=\"article:publisher\" content=\"https:\/\/www.facebook.com\/ValedoLoboAlgarve\/\" \/>\n<meta property=\"article:modified_time\" content=\"2024-09-23T11:50:22+00:00\" \/>\n<meta property=\"og:image\" content=\"https:\/\/www.valedolobo.com\/wp-content\/uploads\/2024\/08\/wolf-valley-charity-fund-logo.webp\" \/>\n<meta name=\"twitter:card\" content=\"summary_large_image\" \/>\n<meta name=\"twitter:label1\" content=\"Estimated reading time\" \/>\n\t<meta name=\"twitter:data1\" content=\"1 minute\" \/>\n<script type=\"application\/ld+json\" class=\"yoast-schema-graph\">{\"@context\":\"https:\/\/schema.org\",\"@graph\":[{\"@type\":\"WebPage\",\"@id\":\"https:\/\/www.valedolobo.com\/community\/wolf-valley-charity-fund\/\",\"url\":\"https:\/\/www.valedolobo.com\/community\/wolf-valley-charity-fund\/\",\"name\":\"Wolf Valley Charity Fund | Vale do Lobo\",\"isPartOf\":{\"@id\":\"https:\/\/www.valedolobo.com\/#website\"},\"primaryImageOfPage\":{\"@id\":\"https:\/\/www.valedolobo.com\/community\/wolf-valley-charity-fund\/#primaryimage\"},\"image\":{\"@id\":\"https:\/\/www.valedolobo.com\/community\/wolf-valley-charity-fund\/#primaryimage\"},\"thumbnailUrl\":\"https:\/\/www.valedolobo.com\/wp-content\/uploads\/2024\/08\/wolf-valley-charity-fund-logo.webp\",\"datePublished\":\"2024-09-17T14:12:47+00:00\",\"dateModified\":\"2024-09-23T11:50:22+00:00\",\"breadcrumb\":{\"@id\":\"https:\/\/www.valedolobo.com\/community\/wolf-valley-charity-fund\/#breadcrumb\"},\"inLanguage\":\"en-GB\",\"potentialAction\":[{\"@type\":\"ReadAction\",\"target\":[\"https:\/\/www.valedolobo.com\/community\/wolf-valley-charity-fund\/\"]}]},{\"@type\":\"ImageObject\",\"inLanguage\":\"en-GB\",\"@id\":\"https:\/\/www.valedolobo.com\/community\/wolf-valley-charity-fund\/#primaryimage\",\"url\":\"https:\/\/www.valedolobo.com\/wp-content\/uploads\/2024\/08\/wolf-valley-charity-fund-logo.webp\",\"contentUrl\":\"https:\/\/www.valedolobo.com\/wp-content\/uploads\/2024\/08\/wolf-valley-charity-fund-logo.webp\"},{\"@type\":\"BreadcrumbList\",\"@id\":\"https:\/\/www.valedolobo.com\/community\/wolf-valley-charity-fund\/#breadcrumb\",\"itemListElement\":[{\"@type\":\"ListItem\",\"position\":1,\"name\":\"Home\",\"item\":\"https:\/\/www.valedolobo.com\/\"},{\"@type\":\"ListItem\",\"position\":2,\"name\":\"Vale do Lobo Community\",\"item\":\"https:\/\/www.valedolobo.com\/community\/\"},{\"@type\":\"ListItem\",\"position\":3,\"name\":\"Wolf Valley Charity Fund\"}]},{\"@type\":\"WebSite\",\"@id\":\"https:\/\/www.valedolobo.com\/#website\",\"url\":\"https:\/\/www.valedolobo.com\/\",\"name\":\"Vale do Lobo Resort\",\"description\":\"Your Legendary Luxurious Resort\",\"publisher\":{\"@id\":\"https:\/\/www.valedolobo.com\/#organization\"},\"alternateName\":\"Vale do Lobo\",\"potentialAction\":[{\"@type\":\"SearchAction\",\"target\":{\"@type\":\"EntryPoint\",\"urlTemplate\":\"https:\/\/www.valedolobo.com\/?s={search_term_string}\"},\"query-input\":\"required name=search_term_string\"}],\"inLanguage\":\"en-GB\"},{\"@type\":\"Organization\",\"@id\":\"https:\/\/www.valedolobo.com\/#organization\",\"name\":\"Vale do Lobo Resort\",\"alternateName\":\"Vale do Lobo\",\"url\":\"https:\/\/www.valedolobo.com\/\",\"logo\":{\"@type\":\"ImageObject\",\"inLanguage\":\"en-GB\",\"@id\":\"https:\/\/www.valedolobo.com\/#\/schema\/logo\/image\/\",\"url\":\"https:\/\/www.valedolobo.com\/wp-content\/uploads\/2026\/01\/VDL_logo-2.png\",\"contentUrl\":\"https:\/\/www.valedolobo.com\/wp-content\/uploads\/2026\/01\/VDL_logo-2.png\",\"width\":298,\"height\":170,\"caption\":\"Vale do Lobo Resort\"},\"image\":{\"@id\":\"https:\/\/www.valedolobo.com\/#\/schema\/logo\/image\/\"},\"sameAs\":[\"https:\/\/www.facebook.com\/ValedoLoboAlgarve\/\",\"https:\/\/www.linkedin.com\/company\/vale-do-lobo\/\",\"https:\/\/www.youtube.com\/@valedoloboalgarve\",\"https:\/\/www.instagram.com\/vale.do.lobo\/\"],\"description\":\"Um dos resorts de luxo mais prestigiados da Europa, localizado no Algarve, oferecendo campos de golfe de classe mundial, t\u00e9nis, spa e alojamento exclusivo \u00e0 beira-mar.\",\"email\":\"recepcao@vdl.pt\",\"telephone\":\"00351289353000\",\"legalName\":\"Vale do Lobo, Resort Tur\u00edstico de Luxo, S.A.\",\"foundingDate\":\"1962-08-01\",\"vatID\":\"500697469\"}]}<\/script>\n<!-- \/ Yoast SEO Premium plugin. -->","yoast_head_json":{"title":"Wolf Valley Charity Fund | Vale do Lobo","robots":{"index":"index","follow":"follow","max-snippet":"max-snippet:-1","max-image-preview":"max-image-preview:large","max-video-preview":"max-video-preview:-1"},"canonical":"https:\/\/www.valedolobo.com\/en\/community\/wolf-valley-charity-fund\/","og_locale":"en_GB","og_type":"article","og_title":"Wolf Valley Charity Fund","og_description":"Back to Community Wolf Valley Charity Fund Helping those less fortunate in the local area Vale do Lobo is a resort where a strong sense of community remains an integral part of resort life. The Wolf Valley Charity Fund was founded in 1999 by a group of Vale do Lobo residents eager to support the [&hellip;]","og_url":"https:\/\/www.valedolobo.com\/en\/community\/wolf-valley-charity-fund\/","og_site_name":"Vale do Lobo","article_publisher":"https:\/\/www.facebook.com\/ValedoLoboAlgarve\/","article_modified_time":"2024-09-23T11:50:22+00:00","og_image":[{"url":"https:\/\/www.valedolobo.com\/wp-content\/uploads\/2024\/08\/wolf-valley-charity-fund-logo.webp"}],"twitter_card":"summary_large_image","twitter_misc":{"Estimated reading time":"1 minute"},"schema":{"@context":"https:\/\/schema.org","@graph":[{"@type":"WebPage","@id":"https:\/\/www.valedolobo.com\/community\/wolf-valley-charity-fund\/","url":"https:\/\/www.valedolobo.com\/community\/wolf-valley-charity-fund\/","name":"Wolf Valley Charity Fund | Vale do Lobo","isPartOf":{"@id":"https:\/\/www.valedolobo.com\/#website"},"primaryImageOfPage":{"@id":"https:\/\/www.valedolobo.com\/community\/wolf-valley-charity-fund\/#primaryimage"},"image":{"@id":"https:\/\/www.valedolobo.com\/community\/wolf-valley-charity-fund\/#primaryimage"},"thumbnailUrl":"https:\/\/www.valedolobo.com\/wp-content\/uploads\/2024\/08\/wolf-valley-charity-fund-logo.webp","datePublished":"2024-09-17T14:12:47+00:00","dateModified":"2024-09-23T11:50:22+00:00","breadcrumb":{"@id":"https:\/\/www.valedolobo.com\/community\/wolf-valley-charity-fund\/#breadcrumb"},"inLanguage":"en-GB","potentialAction":[{"@type":"ReadAction","target":["https:\/\/www.valedolobo.com\/community\/wolf-valley-charity-fund\/"]}]},{"@type":"ImageObject","inLanguage":"en-GB","@id":"https:\/\/www.valedolobo.com\/community\/wolf-valley-charity-fund\/#primaryimage","url":"https:\/\/www.valedolobo.com\/wp-content\/uploads\/2024\/08\/wolf-valley-charity-fund-logo.webp","contentUrl":"https:\/\/www.valedolobo.com\/wp-content\/uploads\/2024\/08\/wolf-valley-charity-fund-logo.webp"},{"@type":"BreadcrumbList","@id":"https:\/\/www.valedolobo.com\/community\/wolf-valley-charity-fund\/#breadcrumb","itemListElement":[{"@type":"ListItem","position":1,"name":"Home","item":"https:\/\/www.valedolobo.com\/"},{"@type":"ListItem","position":2,"name":"Vale do Lobo Community","item":"https:\/\/www.valedolobo.com\/community\/"},{"@type":"ListItem","position":3,"name":"Wolf Valley Charity Fund"}]},{"@type":"WebSite","@id":"https:\/\/www.valedolobo.com\/#website","url":"https:\/\/www.valedolobo.com\/","name":"Vale do Lobo Resort","description":"Your Legendary Luxurious Resort","publisher":{"@id":"https:\/\/www.valedolobo.com\/#organization"},"alternateName":"Vale do Lobo","potentialAction":[{"@type":"SearchAction","target":{"@type":"EntryPoint","urlTemplate":"https:\/\/www.valedolobo.com\/?s={search_term_string}"},"query-input":"required name=search_term_string"}],"inLanguage":"en-GB"},{"@type":"Organization","@id":"https:\/\/www.valedolobo.com\/#organization","name":"Vale do Lobo Resort","alternateName":"Vale do Lobo","url":"https:\/\/www.valedolobo.com\/","logo":{"@type":"ImageObject","inLanguage":"en-GB","@id":"https:\/\/www.valedolobo.com\/#\/schema\/logo\/image\/","url":"https:\/\/www.valedolobo.com\/wp-content\/uploads\/2026\/01\/VDL_logo-2.png","contentUrl":"https:\/\/www.valedolobo.com\/wp-content\/uploads\/2026\/01\/VDL_logo-2.png","width":298,"height":170,"caption":"Vale do Lobo Resort"},"image":{"@id":"https:\/\/www.valedolobo.com\/#\/schema\/logo\/image\/"},"sameAs":["https:\/\/www.facebook.com\/ValedoLoboAlgarve\/","https:\/\/www.linkedin.com\/company\/vale-do-lobo\/","https:\/\/www.youtube.com\/@valedoloboalgarve","https:\/\/www.instagram.com\/vale.do.lobo\/"],"description":"Um dos resorts de luxo mais prestigiados da Europa, localizado no Algarve, oferecendo campos de golfe de classe mundial, t\u00e9nis, spa e alojamento exclusivo \u00e0 beira-mar.","email":"recepcao@vdl.pt","telephone":"00351289353000","legalName":"Vale do Lobo, Resort Tur\u00edstico de Luxo, S.A.","foundingDate":"1962-08-01","vatID":"500697469"}]}},"_links":{"self":[{"href":"https:\/\/www.valedolobo.com\/en\/wp-json\/wp\/v2\/pages\/7571"}],"collection":[{"href":"https:\/\/www.valedolobo.com\/en\/wp-json\/wp\/v2\/pages"}],"about":[{"href":"https:\/\/www.valedolobo.com\/en\/wp-json\/wp\/v2\/types\/page"}],"author":[{"embeddable":true,"href":"https:\/\/www.valedolobo.com\/en\/wp-json\/wp\/v2\/users\/2"}],"replies":[{"embeddable":true,"href":"https:\/\/www.valedolobo.com\/en\/wp-json\/wp\/v2\/comments?post=7571"}],"version-history":[{"count":20,"href":"https:\/\/www.valedolobo.com\/en\/wp-json\/wp\/v2\/pages\/7571\/revisions"}],"predecessor-version":[{"id":9510,"href":"https:\/\/www.valedolobo.com\/en\/wp-json\/wp\/v2\/pages\/7571\/revisions\/9510"}],"up":[{"embeddable":true,"href":"https:\/\/www.valedolobo.com\/en\/wp-json\/wp\/v2\/pages\/1372"}],"wp:attachment":[{"href":"https:\/\/www.valedolobo.com\/en\/wp-json\/wp\/v2\/media?parent=7571"}],"curies":[{"name":"wp","href":"https:\/\/api.w.org\/{rel}","templated":true}]}}