{"id":1092,"date":"2024-02-29T09:39:29","date_gmt":"2024-02-29T09:39:29","guid":{"rendered":"https:\/\/www.valedolobo.com\/?page_id=1092"},"modified":"2024-07-15T10:00:43","modified_gmt":"2024-07-15T10:00:43","slug":"holidays","status":"publish","type":"page","link":"https:\/\/www.valedolobo.com\/pt\/ferias\/","title":{"rendered":"F\u00e9rias em Vale do Lobo"},"content":{"rendered":"","protected":false},"excerpt":{"rendered":"","protected":false},"author":2,"featured_media":0,"parent":0,"menu_order":0,"comment_status":"closed","ping_status":"closed","template":"","meta":{"_acf_changed":false,"footnotes":""},"acf":[],"yoast_head":"<!-- This site is optimized with the Yoast SEO Premium plugin v23.0 (Yoast SEO v23.0) - https:\/\/yoast.com\/wordpress\/plugins\/seo\/ -->\n<title>Vale do Lobo | Your Iconic Holiday Tradition in Algarve<\/title>\n<meta name=\"description\" content=\"Stay and enjoy wonderful Vale do Lobo Holidays. Book your vacation at this iconic holiday destination for a memorable experience in the Algarve.\" \/>\n<meta name=\"robots\" content=\"index, follow, max-snippet:-1, max-image-preview:large, max-video-preview:-1\" \/>\n<link rel=\"canonical\" href=\"https:\/\/www.valedolobo.com\/pt\/ferias\/\" \/>\n<meta property=\"og:locale\" content=\"pt_PT\" \/>\n<meta property=\"og:type\" content=\"article\" \/>\n<meta property=\"og:title\" content=\"Stay at Vale do Lobo\" \/>\n<meta property=\"og:description\" content=\"Stay and enjoy wonderful Vale do Lobo Holidays. Book your vacation at this iconic holiday destination for a memorable experience in the Algarve.\" \/>\n<meta property=\"og:url\" content=\"https:\/\/www.valedolobo.com\/pt\/ferias\/\" \/>\n<meta property=\"og:site_name\" content=\"Vale do Lobo\" \/>\n<meta property=\"article:publisher\" content=\"https:\/\/www.facebook.com\/ValedoLoboAlgarve\/\" \/>\n<meta property=\"article:modified_time\" content=\"2024-07-15T10:00:43+00:00\" \/>\n<meta property=\"og:image\" content=\"https:\/\/www.valedolobo.com\/wp-content\/uploads\/2024\/03\/Image-2-11-1024x768.png\" \/>\n\t<meta property=\"og:image:width\" content=\"1024\" \/>\n\t<meta property=\"og:image:height\" content=\"768\" \/>\n\t<meta property=\"og:image:type\" content=\"image\/png\" \/>\n<meta name=\"twitter:card\" content=\"summary_large_image\" \/>\n<script type=\"application\/ld+json\" class=\"yoast-schema-graph\">{\"@context\":\"https:\/\/schema.org\",\"@graph\":[{\"@type\":\"WebPage\",\"@id\":\"https:\/\/www.valedolobo.com\/holidays\/\",\"url\":\"https:\/\/www.valedolobo.com\/holidays\/\",\"name\":\"Vale do Lobo | Your Iconic Holiday Tradition in Algarve\",\"isPartOf\":{\"@id\":\"https:\/\/www.valedolobo.com\/#website\"},\"datePublished\":\"2024-02-29T09:39:29+00:00\",\"dateModified\":\"2024-07-15T10:00:43+00:00\",\"description\":\"Stay and enjoy wonderful Vale do Lobo Holidays. Book your vacation at this iconic holiday destination for a memorable experience in the Algarve.\",\"breadcrumb\":{\"@id\":\"https:\/\/www.valedolobo.com\/holidays\/#breadcrumb\"},\"inLanguage\":\"pt-PT\",\"potentialAction\":[{\"@type\":\"ReadAction\",\"target\":[\"https:\/\/www.valedolobo.com\/holidays\/\"]}]},{\"@type\":\"BreadcrumbList\",\"@id\":\"https:\/\/www.valedolobo.com\/holidays\/#breadcrumb\",\"itemListElement\":[{\"@type\":\"ListItem\",\"position\":1,\"name\":\"Home\",\"item\":\"https:\/\/www.valedolobo.com\/\"},{\"@type\":\"ListItem\",\"position\":2,\"name\":\"Stay at Vale do Lobo\"}]},{\"@type\":\"WebSite\",\"@id\":\"https:\/\/www.valedolobo.com\/#website\",\"url\":\"https:\/\/www.valedolobo.com\/\",\"name\":\"Vale do Lobo Resort\",\"description\":\"Your Legendary Luxurious Resort\",\"publisher\":{\"@id\":\"https:\/\/www.valedolobo.com\/#organization\"},\"alternateName\":\"Vale do Lobo\",\"potentialAction\":[{\"@type\":\"SearchAction\",\"target\":{\"@type\":\"EntryPoint\",\"urlTemplate\":\"https:\/\/www.valedolobo.com\/?s={search_term_string}\"},\"query-input\":\"required name=search_term_string\"}],\"inLanguage\":\"pt-PT\"},{\"@type\":\"Organization\",\"@id\":\"https:\/\/www.valedolobo.com\/#organization\",\"name\":\"Vale do Lobo Resort\",\"alternateName\":\"Vale do Lobo\",\"url\":\"https:\/\/www.valedolobo.com\/\",\"logo\":{\"@type\":\"ImageObject\",\"inLanguage\":\"pt-PT\",\"@id\":\"https:\/\/www.valedolobo.com\/#\/schema\/logo\/image\/\",\"url\":\"https:\/\/www.valedolobo.com\/wp-content\/uploads\/2026\/01\/VDL_logo-2.png\",\"contentUrl\":\"https:\/\/www.valedolobo.com\/wp-content\/uploads\/2026\/01\/VDL_logo-2.png\",\"width\":298,\"height\":170,\"caption\":\"Vale do Lobo Resort\"},\"image\":{\"@id\":\"https:\/\/www.valedolobo.com\/#\/schema\/logo\/image\/\"},\"sameAs\":[\"https:\/\/www.facebook.com\/ValedoLoboAlgarve\/\",\"https:\/\/www.linkedin.com\/company\/vale-do-lobo\/\",\"https:\/\/www.youtube.com\/@valedoloboalgarve\",\"https:\/\/www.instagram.com\/vale.do.lobo\/\"],\"description\":\"Um dos resorts de luxo mais prestigiados da Europa, localizado no Algarve, oferecendo campos de golfe de classe mundial, t\u00e9nis, spa e alojamento exclusivo \u00e0 beira-mar.\",\"email\":\"recepcao@vdl.pt\",\"telephone\":\"00351289353000\",\"legalName\":\"Vale do Lobo, Resort Tur\u00edstico de Luxo, S.A.\",\"foundingDate\":\"1962-08-01\",\"vatID\":\"500697469\"}]}<\/script>\n<!-- \/ Yoast SEO Premium plugin. -->","yoast_head_json":{"title":"Vale do Lobo | Your Iconic Holiday Tradition in Algarve","description":"Stay and enjoy wonderful Vale do Lobo Holidays. Book your vacation at this iconic holiday destination for a memorable experience in the Algarve.","robots":{"index":"index","follow":"follow","max-snippet":"max-snippet:-1","max-image-preview":"max-image-preview:large","max-video-preview":"max-video-preview:-1"},"canonical":"https:\/\/www.valedolobo.com\/pt\/ferias\/","og_locale":"pt_PT","og_type":"article","og_title":"Stay at Vale do Lobo","og_description":"Stay and enjoy wonderful Vale do Lobo Holidays. Book your vacation at this iconic holiday destination for a memorable experience in the Algarve.","og_url":"https:\/\/www.valedolobo.com\/pt\/ferias\/","og_site_name":"Vale do Lobo","article_publisher":"https:\/\/www.facebook.com\/ValedoLoboAlgarve\/","article_modified_time":"2024-07-15T10:00:43+00:00","og_image":[{"width":1024,"height":768,"url":"https:\/\/www.valedolobo.com\/wp-content\/uploads\/2024\/03\/Image-2-11-1024x768.png","type":"image\/png"}],"twitter_card":"summary_large_image","schema":{"@context":"https:\/\/schema.org","@graph":[{"@type":"WebPage","@id":"https:\/\/www.valedolobo.com\/holidays\/","url":"https:\/\/www.valedolobo.com\/holidays\/","name":"Vale do Lobo | Your Iconic Holiday Tradition in Algarve","isPartOf":{"@id":"https:\/\/www.valedolobo.com\/#website"},"datePublished":"2024-02-29T09:39:29+00:00","dateModified":"2024-07-15T10:00:43+00:00","description":"Stay and enjoy wonderful Vale do Lobo Holidays. Book your vacation at this iconic holiday destination for a memorable experience in the Algarve.","breadcrumb":{"@id":"https:\/\/www.valedolobo.com\/holidays\/#breadcrumb"},"inLanguage":"pt-PT","potentialAction":[{"@type":"ReadAction","target":["https:\/\/www.valedolobo.com\/holidays\/"]}]},{"@type":"BreadcrumbList","@id":"https:\/\/www.valedolobo.com\/holidays\/#breadcrumb","itemListElement":[{"@type":"ListItem","position":1,"name":"Home","item":"https:\/\/www.valedolobo.com\/"},{"@type":"ListItem","position":2,"name":"Stay at Vale do Lobo"}]},{"@type":"WebSite","@id":"https:\/\/www.valedolobo.com\/#website","url":"https:\/\/www.valedolobo.com\/","name":"Vale do Lobo Resort","description":"Your Legendary Luxurious Resort","publisher":{"@id":"https:\/\/www.valedolobo.com\/#organization"},"alternateName":"Vale do Lobo","potentialAction":[{"@type":"SearchAction","target":{"@type":"EntryPoint","urlTemplate":"https:\/\/www.valedolobo.com\/?s={search_term_string}"},"query-input":"required name=search_term_string"}],"inLanguage":"pt-PT"},{"@type":"Organization","@id":"https:\/\/www.valedolobo.com\/#organization","name":"Vale do Lobo Resort","alternateName":"Vale do Lobo","url":"https:\/\/www.valedolobo.com\/","logo":{"@type":"ImageObject","inLanguage":"pt-PT","@id":"https:\/\/www.valedolobo.com\/#\/schema\/logo\/image\/","url":"https:\/\/www.valedolobo.com\/wp-content\/uploads\/2026\/01\/VDL_logo-2.png","contentUrl":"https:\/\/www.valedolobo.com\/wp-content\/uploads\/2026\/01\/VDL_logo-2.png","width":298,"height":170,"caption":"Vale do Lobo Resort"},"image":{"@id":"https:\/\/www.valedolobo.com\/#\/schema\/logo\/image\/"},"sameAs":["https:\/\/www.facebook.com\/ValedoLoboAlgarve\/","https:\/\/www.linkedin.com\/company\/vale-do-lobo\/","https:\/\/www.youtube.com\/@valedoloboalgarve","https:\/\/www.instagram.com\/vale.do.lobo\/"],"description":"Um dos resorts de luxo mais prestigiados da Europa, localizado no Algarve, oferecendo campos de golfe de classe mundial, t\u00e9nis, spa e alojamento exclusivo \u00e0 beira-mar.","email":"recepcao@vdl.pt","telephone":"00351289353000","legalName":"Vale do Lobo, Resort Tur\u00edstico de Luxo, S.A.","foundingDate":"1962-08-01","vatID":"500697469"}]}},"_links":{"self":[{"href":"https:\/\/www.valedolobo.com\/pt\/wp-json\/wp\/v2\/pages\/1092"}],"collection":[{"href":"https:\/\/www.valedolobo.com\/pt\/wp-json\/wp\/v2\/pages"}],"about":[{"href":"https:\/\/www.valedolobo.com\/pt\/wp-json\/wp\/v2\/types\/page"}],"author":[{"embeddable":true,"href":"https:\/\/www.valedolobo.com\/pt\/wp-json\/wp\/v2\/users\/2"}],"replies":[{"embeddable":true,"href":"https:\/\/www.valedolobo.com\/pt\/wp-json\/wp\/v2\/comments?post=1092"}],"version-history":[{"count":1,"href":"https:\/\/www.valedolobo.com\/pt\/wp-json\/wp\/v2\/pages\/1092\/revisions"}],"predecessor-version":[{"id":5947,"href":"https:\/\/www.valedolobo.com\/pt\/wp-json\/wp\/v2\/pages\/1092\/revisions\/5947"}],"wp:attachment":[{"href":"https:\/\/www.valedolobo.com\/pt\/wp-json\/wp\/v2\/media?parent=1092"}],"curies":[{"name":"wp","href":"https:\/\/api.w.org\/{rel}","templated":true}]}}