{"id":13682,"date":"2025-06-27T11:33:45","date_gmt":"2025-06-27T11:33:45","guid":{"rendered":"https:\/\/www.valedolobo.com\/?page_id=13682"},"modified":"2025-06-30T16:43:45","modified_gmt":"2025-06-30T16:43:45","slug":"book-your-dream-holiday","status":"publish","type":"page","link":"https:\/\/www.valedolobo.com\/pt\/ferias\/reserve-as-suas-ferias-de-sonho\/","title":{"rendered":"Reserve as Suas F\u00e9rias de Sonho"},"content":{"rendered":"<div data-elementor-type=\"wp-page\" data-elementor-id=\"13682\" class=\"elementor elementor-13682\" data-elementor-post-type=\"page\">\n\t\t\t\t<div class=\"elementor-element elementor-element-9543a35 e-flex e-con-boxed e-con e-child\" data-id=\"9543a35\" data-element_type=\"container\" data-settings=\"{&quot;background_background&quot;:&quot;classic&quot;}\">\n\t\t\t\t\t<div class=\"e-con-inner\">\n\t\t<div class=\"elementor-element elementor-element-0b9fe27 e-con-full e-flex e-con e-child\" data-id=\"0b9fe27\" data-element_type=\"container\" data-settings=\"{&quot;background_background&quot;:&quot;classic&quot;}\">\n\t\t\t\t<div class=\"elementor-element elementor-element-457957b elementor-widget__width-initial elementor-widget elementor-widget-text-editor\" data-id=\"457957b\" data-element_type=\"widget\" data-widget_type=\"text-editor.default\">\n\t\t\t\t<div class=\"elementor-widget-container\">\n\t\t\t\t\t\t\t<h1 class=\" translation-block\"><span style=\"color: #004225\">Reserve as suas <\/span><span style=\"color: #a9bcb0\">F\u00e9rias de Sonho <\/span><span style=\"color: #004225\">no Resort Vale do Lobo<\/span><\/h1>\t\t\t\t\t\t<\/div>\n\t\t\t\t<\/div>\n\t\t\t\t<div class=\"elementor-element elementor-element-62e11e5 elementor-widget elementor-widget-template\" data-id=\"62e11e5\" data-element_type=\"widget\" data-widget_type=\"template.default\">\n\t\t\t\t<div class=\"elementor-widget-container\">\n\t\t\t\t\t<div class=\"elementor-template\">\n\t\t\t\t\t<div data-elementor-type=\"container\" data-elementor-id=\"1191\" class=\"elementor elementor-1191\" data-elementor-post-type=\"elementor_library\">\n\t\t\t\t<div class=\"elementor-element elementor-element-649e90e0 e-con-full e-flex e-con e-child\" data-id=\"649e90e0\" data-element_type=\"container\">\n\t\t\t\t<div class=\"elementor-element elementor-element-6463c96d elementor-widget elementor-widget-global elementor-global-1096 elementor-widget-html\" data-id=\"6463c96d\" data-element_type=\"widget\" data-widget_type=\"html.default\">\n\t\t\t\t<div class=\"elementor-widget-container\">\n\t\t\t<div data-wow=\"searchbar\"><\/div>\n<script type=\"text\/javascript\" src=\"https:\/\/booking.valedolobo.com\/assets\/wow-bookings-widget-handler.js\" data-cookieconsent=\"necessary\" defer><\/script>\t\t<\/div>\n\t\t\t\t<\/div>\n\t\t\t\t<\/div>\n\t\t\t\t<\/div>\n\t\t\t\t<\/div>\n\t\t\t\t<\/div>\n\t\t\t\t<\/div>\n\t\t\t\t<\/div>\n\t\t\t\t\t<\/div>\n\t\t\t\t<\/div>\n\t\t<div class=\"elementor-element elementor-element-37a274f elementor-hidden-desktop elementor-hidden-tablet elementor-hidden-mobile e-flex e-con-boxed e-con e-child\" data-id=\"37a274f\" data-element_type=\"container\" data-settings=\"{&quot;background_background&quot;:&quot;classic&quot;}\">\n\t\t\t\t\t<div class=\"e-con-inner\">\n\t\t\t\t<div class=\"elementor-element elementor-element-52eae58 elementor-widget__width-initial elementor-widget elementor-widget-text-editor\" data-id=\"52eae58\" data-element_type=\"widget\" data-widget_type=\"text-editor.default\">\n\t\t\t\t<div class=\"elementor-widget-container\">\n\t\t\t\t\t\t\t<p>Resort<\/p>\t\t\t\t\t\t<\/div>\n\t\t\t\t<\/div>\n\t\t\t\t\t<\/div>\n\t\t\t\t<\/div>\n\t\t\t\t<\/div>","protected":false},"excerpt":{"rendered":"<p class=\" translation-block\"><span style=\"color: #004225\">Reserve as suas <\/span><span style=\"color: #a9bcb0\">F\u00e9rias de Sonho <\/span><span style=\"color: #004225\">no Resort Vale do Lobo<\/span><\/p>","protected":false},"author":2,"featured_media":12498,"parent":1092,"menu_order":0,"comment_status":"closed","ping_status":"closed","template":"","meta":{"_acf_changed":false,"footnotes":""},"acf":[],"yoast_head":"<!-- This site is optimized with the Yoast SEO Premium plugin v23.0 (Yoast SEO v23.0) - https:\/\/yoast.com\/wordpress\/plugins\/seo\/ -->\n<title>Book Your Dream Algarve Holidays at Vale do Lobo Resort<\/title>\n<meta name=\"description\" content=\"Searching for unforgettable Algarve holidays? Vale do Lobo Resort is your perfect escape, golden beaches, luxury villas, and moments you&#039;ll never forget.\" \/>\n<meta name=\"robots\" content=\"index, follow, max-snippet:-1, max-image-preview:large, max-video-preview:-1\" \/>\n<link rel=\"canonical\" href=\"https:\/\/www.valedolobo.com\/pt\/ferias\/reserve-as-suas-ferias-de-sonho\/\" \/>\n<meta property=\"og:locale\" content=\"pt_PT\" \/>\n<meta property=\"og:type\" content=\"article\" \/>\n<meta property=\"og:title\" content=\"Book Your Dream Holiday\" \/>\n<meta property=\"og:description\" content=\"Searching for unforgettable Algarve holidays? Vale do Lobo Resort is your perfect escape, golden beaches, luxury villas, and moments you&#039;ll never forget.\" \/>\n<meta property=\"og:url\" content=\"https:\/\/www.valedolobo.com\/pt\/ferias\/reserve-as-suas-ferias-de-sonho\/\" \/>\n<meta property=\"og:site_name\" content=\"Vale do Lobo\" \/>\n<meta property=\"article:publisher\" content=\"https:\/\/www.facebook.com\/ValedoLoboAlgarve\/\" \/>\n<meta property=\"article:modified_time\" content=\"2025-06-30T16:43:45+00:00\" \/>\n<meta property=\"og:image\" content=\"https:\/\/www.valedolobo.com\/wp-content\/uploads\/2025\/02\/20250117_Aerial_ValeDoLobo_018-scaled.jpg\" \/>\n\t<meta property=\"og:image:width\" content=\"2560\" \/>\n\t<meta property=\"og:image:height\" content=\"1707\" \/>\n\t<meta property=\"og:image:type\" content=\"image\/jpeg\" \/>\n<meta name=\"twitter:card\" content=\"summary_large_image\" \/>\n<meta name=\"twitter:label1\" content=\"Tempo estimado de leitura\" \/>\n\t<meta name=\"twitter:data1\" content=\"1 minuto\" \/>\n<script type=\"application\/ld+json\" class=\"yoast-schema-graph\">{\"@context\":\"https:\/\/schema.org\",\"@graph\":[{\"@type\":\"WebPage\",\"@id\":\"https:\/\/www.valedolobo.com\/holidays\/book-your-dream-holiday\/\",\"url\":\"https:\/\/www.valedolobo.com\/holidays\/book-your-dream-holiday\/\",\"name\":\"Book Your Dream Algarve Holidays at Vale do Lobo Resort\",\"isPartOf\":{\"@id\":\"https:\/\/www.valedolobo.com\/#website\"},\"primaryImageOfPage\":{\"@id\":\"https:\/\/www.valedolobo.com\/holidays\/book-your-dream-holiday\/#primaryimage\"},\"image\":{\"@id\":\"https:\/\/www.valedolobo.com\/holidays\/book-your-dream-holiday\/#primaryimage\"},\"thumbnailUrl\":\"https:\/\/www.valedolobo.com\/wp-content\/uploads\/2025\/02\/20250117_Aerial_ValeDoLobo_018-scaled.jpg\",\"datePublished\":\"2025-06-27T11:33:45+00:00\",\"dateModified\":\"2025-06-30T16:43:45+00:00\",\"description\":\"Searching for unforgettable Algarve holidays? Vale do Lobo Resort is your perfect escape, golden beaches, luxury villas, and moments you'll never forget.\",\"breadcrumb\":{\"@id\":\"https:\/\/www.valedolobo.com\/holidays\/book-your-dream-holiday\/#breadcrumb\"},\"inLanguage\":\"pt-PT\",\"potentialAction\":[{\"@type\":\"ReadAction\",\"target\":[\"https:\/\/www.valedolobo.com\/holidays\/book-your-dream-holiday\/\"]}]},{\"@type\":\"ImageObject\",\"inLanguage\":\"pt-PT\",\"@id\":\"https:\/\/www.valedolobo.com\/holidays\/book-your-dream-holiday\/#primaryimage\",\"url\":\"https:\/\/www.valedolobo.com\/wp-content\/uploads\/2025\/02\/20250117_Aerial_ValeDoLobo_018-scaled.jpg\",\"contentUrl\":\"https:\/\/www.valedolobo.com\/wp-content\/uploads\/2025\/02\/20250117_Aerial_ValeDoLobo_018-scaled.jpg\",\"width\":2560,\"height\":1707},{\"@type\":\"BreadcrumbList\",\"@id\":\"https:\/\/www.valedolobo.com\/holidays\/book-your-dream-holiday\/#breadcrumb\",\"itemListElement\":[{\"@type\":\"ListItem\",\"position\":1,\"name\":\"Home\",\"item\":\"https:\/\/www.valedolobo.com\/\"},{\"@type\":\"ListItem\",\"position\":2,\"name\":\"Stay at Vale do Lobo\",\"item\":\"https:\/\/www.valedolobo.com\/holidays\/\"},{\"@type\":\"ListItem\",\"position\":3,\"name\":\"Book Your Dream Holiday\"}]},{\"@type\":\"WebSite\",\"@id\":\"https:\/\/www.valedolobo.com\/#website\",\"url\":\"https:\/\/www.valedolobo.com\/\",\"name\":\"Vale do Lobo Resort\",\"description\":\"Your Legendary Luxurious Resort\",\"publisher\":{\"@id\":\"https:\/\/www.valedolobo.com\/#organization\"},\"alternateName\":\"Vale do Lobo\",\"potentialAction\":[{\"@type\":\"SearchAction\",\"target\":{\"@type\":\"EntryPoint\",\"urlTemplate\":\"https:\/\/www.valedolobo.com\/?s={search_term_string}\"},\"query-input\":\"required name=search_term_string\"}],\"inLanguage\":\"pt-PT\"},{\"@type\":\"Organization\",\"@id\":\"https:\/\/www.valedolobo.com\/#organization\",\"name\":\"Vale do Lobo Resort\",\"alternateName\":\"Vale do Lobo\",\"url\":\"https:\/\/www.valedolobo.com\/\",\"logo\":{\"@type\":\"ImageObject\",\"inLanguage\":\"pt-PT\",\"@id\":\"https:\/\/www.valedolobo.com\/#\/schema\/logo\/image\/\",\"url\":\"https:\/\/www.valedolobo.com\/wp-content\/uploads\/2026\/01\/VDL_logo-2.png\",\"contentUrl\":\"https:\/\/www.valedolobo.com\/wp-content\/uploads\/2026\/01\/VDL_logo-2.png\",\"width\":298,\"height\":170,\"caption\":\"Vale do Lobo Resort\"},\"image\":{\"@id\":\"https:\/\/www.valedolobo.com\/#\/schema\/logo\/image\/\"},\"sameAs\":[\"https:\/\/www.facebook.com\/ValedoLoboAlgarve\/\",\"https:\/\/www.linkedin.com\/company\/vale-do-lobo\/\",\"https:\/\/www.youtube.com\/@valedoloboalgarve\",\"https:\/\/www.instagram.com\/vale.do.lobo\/\"],\"description\":\"Um dos resorts de luxo mais prestigiados da Europa, localizado no Algarve, oferecendo campos de golfe de classe mundial, t\u00e9nis, spa e alojamento exclusivo \u00e0 beira-mar.\",\"email\":\"recepcao@vdl.pt\",\"telephone\":\"00351289353000\",\"legalName\":\"Vale do Lobo, Resort Tur\u00edstico de Luxo, S.A.\",\"foundingDate\":\"1962-08-01\",\"vatID\":\"500697469\"}]}<\/script>\n<!-- \/ Yoast SEO Premium plugin. -->","yoast_head_json":{"title":"Book Your Dream Algarve Holidays at Vale do Lobo Resort","description":"Searching for unforgettable Algarve holidays? Vale do Lobo Resort is your perfect escape, golden beaches, luxury villas, and moments you'll never forget.","robots":{"index":"index","follow":"follow","max-snippet":"max-snippet:-1","max-image-preview":"max-image-preview:large","max-video-preview":"max-video-preview:-1"},"canonical":"https:\/\/www.valedolobo.com\/pt\/ferias\/reserve-as-suas-ferias-de-sonho\/","og_locale":"pt_PT","og_type":"article","og_title":"Book Your Dream Holiday","og_description":"Searching for unforgettable Algarve holidays? Vale do Lobo Resort is your perfect escape, golden beaches, luxury villas, and moments you'll never forget.","og_url":"https:\/\/www.valedolobo.com\/pt\/ferias\/reserve-as-suas-ferias-de-sonho\/","og_site_name":"Vale do Lobo","article_publisher":"https:\/\/www.facebook.com\/ValedoLoboAlgarve\/","article_modified_time":"2025-06-30T16:43:45+00:00","og_image":[{"width":2560,"height":1707,"url":"https:\/\/www.valedolobo.com\/wp-content\/uploads\/2025\/02\/20250117_Aerial_ValeDoLobo_018-scaled.jpg","type":"image\/jpeg"}],"twitter_card":"summary_large_image","twitter_misc":{"Tempo estimado de leitura":"1 minuto"},"schema":{"@context":"https:\/\/schema.org","@graph":[{"@type":"WebPage","@id":"https:\/\/www.valedolobo.com\/holidays\/book-your-dream-holiday\/","url":"https:\/\/www.valedolobo.com\/holidays\/book-your-dream-holiday\/","name":"Book Your Dream Algarve Holidays at Vale do Lobo Resort","isPartOf":{"@id":"https:\/\/www.valedolobo.com\/#website"},"primaryImageOfPage":{"@id":"https:\/\/www.valedolobo.com\/holidays\/book-your-dream-holiday\/#primaryimage"},"image":{"@id":"https:\/\/www.valedolobo.com\/holidays\/book-your-dream-holiday\/#primaryimage"},"thumbnailUrl":"https:\/\/www.valedolobo.com\/wp-content\/uploads\/2025\/02\/20250117_Aerial_ValeDoLobo_018-scaled.jpg","datePublished":"2025-06-27T11:33:45+00:00","dateModified":"2025-06-30T16:43:45+00:00","description":"Searching for unforgettable Algarve holidays? Vale do Lobo Resort is your perfect escape, golden beaches, luxury villas, and moments you'll never forget.","breadcrumb":{"@id":"https:\/\/www.valedolobo.com\/holidays\/book-your-dream-holiday\/#breadcrumb"},"inLanguage":"pt-PT","potentialAction":[{"@type":"ReadAction","target":["https:\/\/www.valedolobo.com\/holidays\/book-your-dream-holiday\/"]}]},{"@type":"ImageObject","inLanguage":"pt-PT","@id":"https:\/\/www.valedolobo.com\/holidays\/book-your-dream-holiday\/#primaryimage","url":"https:\/\/www.valedolobo.com\/wp-content\/uploads\/2025\/02\/20250117_Aerial_ValeDoLobo_018-scaled.jpg","contentUrl":"https:\/\/www.valedolobo.com\/wp-content\/uploads\/2025\/02\/20250117_Aerial_ValeDoLobo_018-scaled.jpg","width":2560,"height":1707},{"@type":"BreadcrumbList","@id":"https:\/\/www.valedolobo.com\/holidays\/book-your-dream-holiday\/#breadcrumb","itemListElement":[{"@type":"ListItem","position":1,"name":"Home","item":"https:\/\/www.valedolobo.com\/"},{"@type":"ListItem","position":2,"name":"Stay at Vale do Lobo","item":"https:\/\/www.valedolobo.com\/holidays\/"},{"@type":"ListItem","position":3,"name":"Book Your Dream Holiday"}]},{"@type":"WebSite","@id":"https:\/\/www.valedolobo.com\/#website","url":"https:\/\/www.valedolobo.com\/","name":"Vale do Lobo Resort","description":"Your Legendary Luxurious Resort","publisher":{"@id":"https:\/\/www.valedolobo.com\/#organization"},"alternateName":"Vale do Lobo","potentialAction":[{"@type":"SearchAction","target":{"@type":"EntryPoint","urlTemplate":"https:\/\/www.valedolobo.com\/?s={search_term_string}"},"query-input":"required name=search_term_string"}],"inLanguage":"pt-PT"},{"@type":"Organization","@id":"https:\/\/www.valedolobo.com\/#organization","name":"Vale do Lobo Resort","alternateName":"Vale do Lobo","url":"https:\/\/www.valedolobo.com\/","logo":{"@type":"ImageObject","inLanguage":"pt-PT","@id":"https:\/\/www.valedolobo.com\/#\/schema\/logo\/image\/","url":"https:\/\/www.valedolobo.com\/wp-content\/uploads\/2026\/01\/VDL_logo-2.png","contentUrl":"https:\/\/www.valedolobo.com\/wp-content\/uploads\/2026\/01\/VDL_logo-2.png","width":298,"height":170,"caption":"Vale do Lobo Resort"},"image":{"@id":"https:\/\/www.valedolobo.com\/#\/schema\/logo\/image\/"},"sameAs":["https:\/\/www.facebook.com\/ValedoLoboAlgarve\/","https:\/\/www.linkedin.com\/company\/vale-do-lobo\/","https:\/\/www.youtube.com\/@valedoloboalgarve","https:\/\/www.instagram.com\/vale.do.lobo\/"],"description":"Um dos resorts de luxo mais prestigiados da Europa, localizado no Algarve, oferecendo campos de golfe de classe mundial, t\u00e9nis, spa e alojamento exclusivo \u00e0 beira-mar.","email":"recepcao@vdl.pt","telephone":"00351289353000","legalName":"Vale do Lobo, Resort Tur\u00edstico de Luxo, S.A.","foundingDate":"1962-08-01","vatID":"500697469"}]}},"_links":{"self":[{"href":"https:\/\/www.valedolobo.com\/pt\/wp-json\/wp\/v2\/pages\/13682"}],"collection":[{"href":"https:\/\/www.valedolobo.com\/pt\/wp-json\/wp\/v2\/pages"}],"about":[{"href":"https:\/\/www.valedolobo.com\/pt\/wp-json\/wp\/v2\/types\/page"}],"author":[{"embeddable":true,"href":"https:\/\/www.valedolobo.com\/pt\/wp-json\/wp\/v2\/users\/2"}],"replies":[{"embeddable":true,"href":"https:\/\/www.valedolobo.com\/pt\/wp-json\/wp\/v2\/comments?post=13682"}],"version-history":[{"count":20,"href":"https:\/\/www.valedolobo.com\/pt\/wp-json\/wp\/v2\/pages\/13682\/revisions"}],"predecessor-version":[{"id":13905,"href":"https:\/\/www.valedolobo.com\/pt\/wp-json\/wp\/v2\/pages\/13682\/revisions\/13905"}],"up":[{"embeddable":true,"href":"https:\/\/www.valedolobo.com\/pt\/wp-json\/wp\/v2\/pages\/1092"}],"wp:featuredmedia":[{"embeddable":true,"href":"https:\/\/www.valedolobo.com\/pt\/wp-json\/wp\/v2\/media\/12498"}],"wp:attachment":[{"href":"https:\/\/www.valedolobo.com\/pt\/wp-json\/wp\/v2\/media?parent=13682"}],"curies":[{"name":"wp","href":"https:\/\/api.w.org\/{rel}","templated":true}]}}