{"id":2055,"date":"2024-03-11T09:35:43","date_gmt":"2024-03-11T09:35:43","guid":{"rendered":"https:\/\/www.valedolobo.com\/?page_id=2055"},"modified":"2024-03-21T16:05:28","modified_gmt":"2024-03-21T16:05:28","slug":"terms-conditions","status":"publish","type":"page","link":"https:\/\/www.valedolobo.com\/pt\/termos-e-condicoes\/","title":{"rendered":"Termos &amp; Condi\u00e7\u00f5es"},"content":{"rendered":"<div data-elementor-type=\"wp-page\" data-elementor-id=\"2055\" class=\"elementor elementor-2055\" data-elementor-post-type=\"page\">\n\t\t\t\t<div class=\"elementor-element elementor-element-5ff643 e-flex e-con-boxed e-con e-parent\" data-id=\"5ff643\" data-element_type=\"container\">\n\t\t\t\t\t<div class=\"e-con-inner\">\n\t\t\t\t<div class=\"elementor-element elementor-element-29eff20 elementor-widget elementor-widget-text-editor\" data-id=\"29eff20\" data-element_type=\"widget\" data-widget_type=\"text-editor.default\">\n\t\t\t\t<div class=\"elementor-widget-container\">\n\t\t\t\t\t\t\t<!-- wp:paragraph -->\n<p>Este \u00e9 o website oficial do resort de Vale do Lobo. Todos os conte\u00fados foram desenvolvidos pelo Departamento de Marketing do resort. A reprodu\u00e7\u00e3o de qualquer conte\u00fado deste site, bem como o uso de quaisquer imagens, \u00e9 estritamente proibida sem permiss\u00e3o por escrito. Qualquer informa\u00e7\u00e3o contida neste site \u00e9 pass\u00edvel de altera\u00e7\u00e3o sem aviso pr\u00e9vio.\u00a0<\/p>\n<!-- \/wp:paragraph -->\n\n<!-- wp:group {\"layout\":{\"type\":\"constrained\"},\"metadata\":{\"name\":\"Privacy Policy\"}} -->\n<div class=\"wp-block-group\"><!-- wp:heading -->\n<h2 class=\"wp-block-heading\" id=\"h-privacy-policy\">Pol\u00edtica de Privacidade<\/h2>\n<!-- \/wp:heading -->\n\n<!-- wp:paragraph -->\n<p>Este \u00e9 o website oficial do resort de Vale do Lobo. Todos os conte\u00fados foram desenvolvidos pelo Departamento de Marketing e Comunica\u00e7\u00e3o do resort.<\/p>\n<!-- \/wp:paragraph -->\n\n<!-- wp:paragraph -->\n<p>Vale do Lobo valoriza a sua confian\u00e7a e privacidade e est\u00e1 empenhado em proteger ambas. Qualquer informa\u00e7\u00e3o que lhe seja solicitada no site estar\u00e1 sempre protegida por esta pol\u00edtica de privacidade.<\/p>\n<!-- \/wp:paragraph -->\n\n<!-- wp:paragraph -->\n<p>Esta pol\u00edtica de privacidade entra em vigor a partir de 25 de maio de 2018, no entanto, esteja ciente de que \u00e0s vezes poderemos ser obrigados a atualizar a nossa pol\u00edtica de privacidade e \u00e9 recomend\u00e1vel que voc\u00ea verifique se h\u00e1 altera\u00e7\u00f5es visitando esta p\u00e1gina ocasionalmente.<\/p>\n<!-- \/wp:paragraph -->\n\n<!-- wp:heading {\"level\":3} -->\n<h3 class=\"wp-block-heading\" id=\"h-what-data-is-collected\">Que dados s\u00e3o recolhidos?<\/h3>\n<!-- \/wp:heading -->\n\n<!-- wp:paragraph -->\n<p>Os tipos de informa\u00e7\u00e3o pessoal que podemos recolher incluem:<\/p>\n<!-- \/wp:paragraph -->\n\n<!-- wp:list -->\n<ul><!-- wp:list-item -->\n<li>Informa\u00e7\u00e3o demogr\u00e1fica, designadamente nacionalidade, g\u00e9nero, idade e prefer\u00eancia lingu\u00edstica<\/li>\n<!-- \/wp:list-item -->\n\n<!-- wp:list-item -->\n<li>Endere\u00e7o de e-mail, n\u00famero de telefone e morada<\/li>\n<!-- \/wp:list-item -->\n\n<!-- wp:list-item -->\n<li>O seu primeiro e \u00faltimo nome<\/li>\n<!-- \/wp:list-item -->\n\n<!-- wp:list-item -->\n<li>As informa\u00e7\u00f5es que fornece sobre as suas prefer\u00eancias de marketing ou atrav\u00e9s de participa\u00e7\u00e3o em question\u00e1rios, concursos ou ofertas promocionais.<\/li>\n<!-- \/wp:list-item --><\/ul>\n<!-- \/wp:list -->\n\n<!-- wp:heading {\"level\":3} -->\n<h3 class=\"wp-block-heading\" id=\"h-how-do-we-use-this-data\">Utiliza\u00e7\u00e3o e finalidades do tratamento de dados do utilizador<\/h3>\n<!-- \/wp:heading -->\n\n<!-- wp:paragraph -->\n<p>O nosso objectivo \u00e9 proporcionar o melhor servi\u00e7o poss\u00edvel aos nossos propriet\u00e1rios, clientes e visitantes pelo que utilizamos a informa\u00e7\u00e3o de dados pessoais obtida para que lhe possamos dar a conhecer todas as informa\u00e7\u00f5es relevantes do seu interesse como descontos, benef\u00edcios, promo\u00e7\u00f5es, eventos, not\u00edcias e novidades gerais sobre Vale do Lobo.<\/p>\n<!-- \/wp:paragraph -->\n\n<!-- wp:paragraph -->\n<p>Utilizamos ainda os dados pessoais que recolhemos para diferentes finalidades, designadamente:<\/p>\n<!-- \/wp:paragraph -->\n\n<!-- wp:list -->\n<ul><!-- wp:list-item -->\n<li>Para registos de contacto do website e fins estat\u00edsticos na elabora\u00e7\u00e3o de relat\u00f3rios;<\/li>\n<!-- \/wp:list-item -->\n\n<!-- wp:list-item -->\n<li>Para melhorar o n\u00edvel de qualidade dos servi\u00e7os para com os nossos clientes;<\/li>\n<!-- \/wp:list-item -->\n\n<!-- wp:list-item -->\n<li>Para que oportunamente lhe possamos enviar e-mails informativos sobre promo\u00e7\u00f5es do resort, descontos especiais, eventos, not\u00edcias e novidades gerais sobre Vale do Lobo;<\/li>\n<!-- \/wp:list-item -->\n\n<!-- wp:list-item -->\n<li>Para optimiza\u00e7\u00e3o do nosso website em fun\u00e7\u00e3o dos seus gostos, prefer\u00eancias e interesses.<\/li>\n<!-- \/wp:list-item --><\/ul>\n<!-- \/wp:list -->\n\n<!-- wp:heading {\"level\":3} -->\n<h3 class=\"wp-block-heading\" id=\"h-how-do-we-keep-your-data-safe\">Seguran\u00e7a dos dados do utilizador<\/h3>\n<!-- \/wp:heading -->\n\n<!-- wp:paragraph -->\n<p>A confidencialidade na informa\u00e7\u00e3o pessoal dos clientes de Vale do Lobo \u00e9 fundamental e um compromisso da empresa. Para garantir a seguran\u00e7a dos Dados do Utilizador e a m\u00e1xima confidencialidade, tratamos a informa\u00e7\u00e3o que nos forneceu de forma absolutamente confidencial, de acordo com as nossas pol\u00edticas e procedimentos internos de seguran\u00e7a e confidencialidade. Assim, quando estiver a utilizar browsers que permitam o recurso ao protocolo de comunica\u00e7\u00e3o SSL, tais como Microsoft Internet Explorer, Mozilla Firefox ou Chrome, sempre que lhe for solicitada informa\u00e7\u00e3o referente a um cart\u00e3o de cr\u00e9dito, toda a comunica\u00e7\u00e3o ser\u00e1 efetuada atrav\u00e9s de SSL. O protocolo de comunica\u00e7\u00e3o SSL \u00e9 ainda utilizado em todas as p\u00e1ginas onde lhe for solicitada informa\u00e7\u00e3o pessoal, o que significa que a sua informa\u00e7\u00e3o ser\u00e1 enviada atrav\u00e9s da Internet de forma encriptada.<\/p>\n<!-- \/wp:paragraph -->\n\n<!-- wp:heading {\"level\":3} -->\n<h3 class=\"wp-block-heading\" id=\"h-about-cookies\">Utiliza\u00e7\u00e3o cookies<\/h3>\n<!-- \/wp:heading -->\n\n<!-- wp:paragraph -->\n<p>Quando visitar o nosso site, um pequeno ficheiro de texto (doravante Cookie) \u00e9 criado e gravado no disco do seu computador. Este ficheiro vai permitir-lhe n\u00e3o s\u00f3 uma maior facilidade e rapidez no acesso, como tamb\u00e9m lhe permitir\u00e1 personalizar a p\u00e1gina. Para al\u00e9m disso, ao visitar as p\u00e1ginas do nosso site \u00e9 identificada a informa\u00e7\u00e3o t\u00e9cnica do seu computador, nomeadamente o IP (Internet Protocol), o sistema operativo e o tipo de browser. Esta informa\u00e7\u00e3o \u00e9 utilizada para melhorar a qualidade da sua visita, n\u00e3o sendo divulgada a terceiros. Mais informamos que a maioria dos browsers aceita automaticamente estes ficheiros (Cookies), mas poder\u00e1 apag\u00e1-los ou definir o seu bloqueio autom\u00e1tico. Para efectuar as referidas configura\u00e7\u00f5es dever\u00e1 aceder ao menu \"Ajuda\" do seu browser. No entanto, importa salientar que caso n\u00e3o permita o uso de cookies poder\u00e3o haver algumas funcionalidades que n\u00e3o conseguir\u00e1 utilizar.<\/p>\n<!-- \/wp:paragraph -->\n\n<!-- wp:heading {\"level\":3} -->\n<h3 class=\"wp-block-heading\" id=\"h-links-to-other-websites\">Links para outros sites<\/h3>\n<!-- \/wp:heading -->\n\n<!-- wp:paragraph -->\n<p>O website www.valedolobo.com inclui acesso a outros sites geridos e controlados por terceiros atrav\u00e9s de links diferentes para facilitar aos usu\u00e1rios procurar por informa\u00e7\u00f5es, conte\u00fados e servi\u00e7os de Internet. Todavia, e n\u00e3o obstante o compromisso de Vale do Lobo para garantir a sua privacidade, informamos que n\u00e3o somos respons\u00e1veis pela protec\u00e7\u00e3o e privacidade de qualquer informa\u00e7\u00e3o que forne\u00e7a enquanto visita esses outros websites externos, pois n\u00e3o s\u00e3o cobertos pela Pol\u00edtica de Privacidade de Vale do Lobo.<\/p>\n<!-- \/wp:paragraph -->\n\n<!-- wp:heading {\"level\":3} -->\n<h3 class=\"wp-block-heading\" id=\"h-controlling-your-personal-information\">Controlo da informa\u00e7\u00e3o e dos seus dados pessoais<\/h3>\n<!-- \/wp:heading -->\n\n<!-- wp:paragraph -->\n<p>Queremos garantir que continua a beneficiar da experi\u00eancia on-line de Vale do Lobo e que utilizamos os seus dados pessoais nas ac\u00e7\u00f5es de marketing e comunica\u00e7\u00e3o das empresas do grupo com o seu consentimento, sendo que tem o direito de revogar a sua permiss\u00e3o a qualquer momento.<br>Todas as nossas newsletters incluem a op\u00e7\u00e3o de cancelar a sua subscri\u00e7\u00e3o ou, em alternativa, solicitar atrav\u00e9s do endere\u00e7o de correio eletr\u00f3nico <a href=\"mailto:vdl@vdl.pt\">vdl@vdl.pt<\/a> para remover o endere\u00e7o da nossa mailing list.<br>N\u00e3o iremos vender, divulgar ou partilhar os seus dados pessoais com outras empresas exteriores ou facultar a terceiros sem o seu consentimento pr\u00e9vio. Vale do Lobo n\u00e3o compra ou vende informa\u00e7\u00f5es pessoais ou contactos. Poderemos utilizar os dados pessoais por si fornecidos para efeitos de Marketing e divulga\u00e7\u00e3o de informa\u00e7\u00e3o de outras empresas que consideremos de interesse, sempre mediante o seu consentimento.<\/p>\n<!-- \/wp:paragraph --><\/div>\n<!-- \/wp:group -->\n\n<!-- wp:group {\"layout\":{\"type\":\"constrained\"},\"metadata\":{\"name\":\"Terms and Conditions\"}} -->\n<div class=\"wp-block-group\"><!-- wp:heading -->\n<h2 class=\"wp-block-heading\" id=\"h-terms-and-conditions\">Termos &amp; Condi\u00e7\u00f5es<\/h2>\n<!-- \/wp:heading -->\n\n<!-- wp:paragraph -->\n<p>Os conte\u00fados e informa\u00e7\u00e3o disponibilizados neste site s\u00e3o propriedade de Vale do Lobo, pelo que o seu download, reprodu\u00e7\u00e3o ou reenvio, parcial ou integral para fins comerciais, \u00e9 estritamente proibido.<\/p>\n<!-- \/wp:paragraph -->\n\n<!-- wp:paragraph -->\n<p>N\u00e3o \u00e9 permitida a utiliza\u00e7\u00e3o de qualquer software e\/ou aplica\u00e7\u00e3o que interfira com o normal funcionamento do presente site, sendo tamb\u00e9m proibida, sem o pr\u00e9vio consentimento de Vale do Lobo, a utiliza\u00e7\u00e3o de qualquer mecanismo autom\u00e1tico e\/ou processo manual para monitorizar e\/ou copiar as suas p\u00e1ginas.<\/p>\n<!-- \/wp:paragraph -->\n\n<!-- wp:paragraph -->\n<p>Neste site, para aceder a determinados conte\u00fados de acesso restrito, o utilizador poder\u00e1 inserir user ID e passwords. O conte\u00fado das \u00e1reas restritas \u00e9 confidencial, n\u00e3o podendo ser utilizado por terceiros para fins lucrativos.<\/p>\n<!-- \/wp:paragraph -->\n\n<!-- wp:paragraph -->\n<p>Os conte\u00fados apresentados neste site poder\u00e3o eventualmente apresentar algum equ\u00edvoco, incorre\u00e7\u00e3o e\/ou desactualiza\u00e7\u00e3o, pelo que Vale do Lobo poder\u00e1 efetuar, sem pr\u00e9-aviso, a modifica\u00e7\u00f5es e\/ou correc\u00e7\u00f5es \u00e0 informa\u00e7\u00e3o publicada.\u00a0<\/p>\n<!-- \/wp:paragraph --><\/div>\n<!-- \/wp:group -->\n\n<!-- wp:group {\"layout\":{\"type\":\"constrained\"},\"metadata\":{\"name\":\"Data Protection for Job Applications\"}} -->\n<div class=\"wp-block-group\"><\/div>\n<!-- \/wp:group -->\n\n<!-- wp:heading -->\n<h2 class=\"wp-block-heading\" id=\"h-data-protection-for-job-applications\">Prote\u00e7\u00e3o de Dados para Candidaturas de Emprego<\/h2>\n<!-- \/wp:heading -->\n\n<!-- wp:heading {\"level\":3} -->\n<h3 class=\"wp-block-heading\" id=\"h-how-and-for-what-purpose-is-your-data-used\">Como e para que fins os seus dados pessoais s\u00e3o utilizados?<\/h3>\n<!-- \/wp:heading -->\n\n<!-- wp:paragraph -->\n<p>A informa\u00e7\u00e3o recolhida visa permitir a realiza\u00e7\u00e3o dos processos de recrutamento e contrata\u00e7\u00e3o de pessoal, fins hist\u00f3ricos e estat\u00edsticos, a gest\u00e3o da rela\u00e7\u00e3o contratual e dos tempos de trabalho, o cumprimento de obriga\u00e7\u00f5es legais e para contatos futuros.<\/p>\n<!-- \/wp:paragraph -->\n\n<!-- wp:paragraph -->\n<p>Adicionalmente poderemos solicitar o consentimento do candidato ou colaborador para utilizarmos a informa\u00e7\u00e3o recolhida no envio de informa\u00e7\u00f5es, promo\u00e7\u00f5es e pr\u00e9mios atrav\u00e9s de e-mail, SMS ou chamada telef\u00f3nica. Esta comunica\u00e7\u00e3o \u00e9 relativa aos nossos produtos ou produtos de parceiros com os quais tenhamos acordo e n\u00e3o constitui uma obriga\u00e7\u00e3o legal ou contratual, n\u00e3o existindo consequ\u00eancias para quem n\u00e3o o consentir.&nbsp;<\/p>\n<!-- \/wp:paragraph -->\n\n<!-- wp:heading {\"level\":3} -->\n<h3 class=\"wp-block-heading\" id=\"h-who-can-i-contact-to-access-rectify-or-delete-data\">Quem posso contactar para aceder, retificar ou apagar os dados?<\/h3>\n<!-- \/wp:heading -->\n\n<!-- wp:paragraph -->\n<p>O respons\u00e1vel pode ser contactado diretamente atrav\u00e9s do e-mail\u00a0<a href=\"mailto:talent@vdl.pt\">talent@vdl.pt<\/a>. A quem poder\u00e1 solicitar a qualquer momento a c\u00f3pia dos dados que lhe digam respeito, a retirada do consentimento, a retifica\u00e7\u00e3o, o apagamento, a limita\u00e7\u00e3o, a portabilidade e a oposi\u00e7\u00e3o ao tratamento dos mesmos.<\/p>\n<!-- \/wp:paragraph -->\n\n<!-- wp:paragraph -->\n<p>Quando existir consentimento do titular dos dados para envio de informa\u00e7\u00f5es, promo\u00e7\u00f5es e pr\u00e9mios atrav\u00e9s de e-mail, SMS ou chamada telef\u00f3nica, salvaguarda-se que, a retirada posterior do consentimento n\u00e3o compromete a legalidade do tratamento realizado at\u00e9 ent\u00e3o.&nbsp;<\/p>\n<!-- \/wp:paragraph -->\n\n<!-- wp:heading {\"level\":3} -->\n<h3 class=\"wp-block-heading\" id=\"h-how-long-is-personal-data-stored\">Por quanto tempo s\u00e3o os dados pessoais armazenados?<\/h3>\n<!-- \/wp:heading -->\n\n<!-- wp:paragraph -->\n<p>Os dados pessoais s\u00e3o mantidos at\u00e9 se esgotar o fim a que se destinam, sendo eliminados 5 anos ap\u00f3s a realiza\u00e7\u00e3o da proposta de emprego ou 10 anos ap\u00f3s a cessa\u00e7\u00e3o da rela\u00e7\u00e3o de trabalho, se aplic\u00e1vel. Poder\u00e3o existir disposi\u00e7\u00f5es legais que obriguem a manter os dados pessoais por um per\u00edodo de tempo m\u00ednimo superior.<\/p>\n<!-- \/wp:paragraph -->\n\n<!-- wp:heading {\"level\":3} -->\n<h3 class=\"wp-block-heading\" id=\"h-who-is-responsible-for-the-information\">Quem \u00e9 o respons\u00e1vel pela informa\u00e7\u00e3o?<\/h3>\n<!-- \/wp:heading -->\n\n<!-- wp:paragraph -->\n<p>O Grupo Vale do Lobo \u00e9 o respons\u00e1vel pelos dados recolhidos que s\u00e3o tratados informaticamente.<\/p>\n<!-- \/wp:paragraph -->\n\n<!-- wp:paragraph -->\n<p>A informa\u00e7\u00e3o \u00e9 utilizada no \u00e2mbito do seu grupo empresarial composto pelas seguintes sociedades: Vale do Lobo Holdings SGPS, Lda.; Vale do Lobo Resort Tur\u00edstico de Luxo, SA.; Vale do lobo Turismo, Lda.; Clube de Golfe de Vale do Lobo Algarve, Lda.; Oceano Clube \u2013 Empreendimentos Tur\u00edsticos de Luxo, Lda.<\/p>\n<!-- \/wp:paragraph -->\n\n<!-- wp:paragraph -->\n<p>No cumprimento de obriga\u00e7\u00f5es legais, ser\u00e3o partilhados com entidades p\u00fablicas e privadas, nomeadamente, a Seguran\u00e7a Social, a Autoridade Tribut\u00e1ria, a seguradora da ap\u00f3lice de acidentes de trabalho e a empresa que preste servi\u00e7os de seguran\u00e7a e sa\u00fade no trabalho, os dados pessoais estritamente necess\u00e1rios para o cumprimento dessas obriga\u00e7\u00f5es.<\/p>\n<!-- \/wp:paragraph -->\n\n<!-- wp:paragraph -->\n<p>Para garantir a seguran\u00e7a dos seus dados pessoais tratamos a informa\u00e7\u00e3o que nos forneceu de forma confidencial, de acordo com as nossas pol\u00edticas e procedimentos internos de seguran\u00e7a e n\u00e3o partilhamos os seus dados com terceiros para fins comerciais. Podem existir decis\u00f5es automatizadas, como a defini\u00e7\u00e3o de perfis, de forma a melhor adequar a nossa gest\u00e3o de pessoal e a permitir que os candidatos ou colaboradores recebam benef\u00edcios espec\u00edficos.<\/p>\n<!-- \/wp:paragraph -->\n\n<!-- wp:paragraph -->\n<p>O Grupo Vale do Lobo poder\u00e1 transferir os dados dentro do \u00e2mbito da sua organiza\u00e7\u00e3o.<\/p>\n<!-- \/wp:paragraph -->\n\n<!-- wp:paragraph -->\n<p>O titular dos dados pode apresentar reclama\u00e7\u00e3o \u00e0 autoridade de controlo \u2013 a Comiss\u00e3o Nacional de Protec\u00e7\u00e3o de Dados.<\/p>\n<!-- \/wp:paragraph -->\t\t\t\t\t\t<\/div>\n\t\t\t\t<\/div>\n\t\t\t\t\t<\/div>\n\t\t\t\t<\/div>\n\t\t\t\t<\/div>","protected":false},"excerpt":{"rendered":"<p>This is the Vale do Lobo&#8217;s Resort official&nbsp;website and all contents have been developed by the Vale do Lobo Marketing and Communications Department. Reproduction of any part of this site or use of imagery is strictly forbidden without the written permission of Vale do Lobo. &nbsp;Any information contained in this site is subject to change [&hellip;]<\/p>","protected":false},"author":2,"featured_media":0,"parent":0,"menu_order":0,"comment_status":"closed","ping_status":"closed","template":"","meta":{"_acf_changed":false,"footnotes":""},"acf":[],"yoast_head":"<!-- This site is optimized with the Yoast SEO Premium plugin v23.0 (Yoast SEO v23.0) - https:\/\/yoast.com\/wordpress\/plugins\/seo\/ -->\n<title>Terms &amp; Conditions | Vale do Lobo<\/title>\n<meta name=\"robots\" content=\"index, follow, max-snippet:-1, max-image-preview:large, max-video-preview:-1\" \/>\n<link rel=\"canonical\" href=\"https:\/\/www.valedolobo.com\/pt\/termos-e-condicoes\/\" \/>\n<meta property=\"og:locale\" content=\"pt_PT\" \/>\n<meta property=\"og:type\" content=\"article\" \/>\n<meta property=\"og:title\" content=\"Terms &amp; Conditions\" \/>\n<meta property=\"og:description\" content=\"This is the Vale do Lobo&#8217;s Resort official&nbsp;website and all contents have been developed by the Vale do Lobo Marketing and Communications Department. Reproduction of any part of this site or use of imagery is strictly forbidden without the written permission of Vale do Lobo. &nbsp;Any information contained in this site is subject to change [&hellip;]\" \/>\n<meta property=\"og:url\" content=\"https:\/\/www.valedolobo.com\/pt\/termos-e-condicoes\/\" \/>\n<meta property=\"og:site_name\" content=\"Vale do Lobo\" \/>\n<meta property=\"article:publisher\" content=\"https:\/\/www.facebook.com\/ValedoLoboAlgarve\/\" \/>\n<meta property=\"article:modified_time\" content=\"2024-03-21T16:05:28+00:00\" \/>\n<meta property=\"og:image\" content=\"https:\/\/www.valedolobo.com\/wp-content\/uploads\/2024\/03\/Image-2-11-1024x768.png\" \/>\n\t<meta property=\"og:image:width\" content=\"1024\" \/>\n\t<meta property=\"og:image:height\" content=\"768\" \/>\n\t<meta property=\"og:image:type\" content=\"image\/png\" \/>\n<meta name=\"twitter:card\" content=\"summary_large_image\" \/>\n<meta name=\"twitter:label1\" content=\"Tempo estimado de leitura\" \/>\n\t<meta name=\"twitter:data1\" content=\"6 minutos\" \/>\n<script type=\"application\/ld+json\" class=\"yoast-schema-graph\">{\"@context\":\"https:\/\/schema.org\",\"@graph\":[{\"@type\":\"WebPage\",\"@id\":\"https:\/\/www.valedolobo.com\/terms-conditions\/\",\"url\":\"https:\/\/www.valedolobo.com\/terms-conditions\/\",\"name\":\"Terms & Conditions | Vale do Lobo\",\"isPartOf\":{\"@id\":\"https:\/\/www.valedolobo.com\/#website\"},\"datePublished\":\"2024-03-11T09:35:43+00:00\",\"dateModified\":\"2024-03-21T16:05:28+00:00\",\"breadcrumb\":{\"@id\":\"https:\/\/www.valedolobo.com\/terms-conditions\/#breadcrumb\"},\"inLanguage\":\"pt-PT\",\"potentialAction\":[{\"@type\":\"ReadAction\",\"target\":[\"https:\/\/www.valedolobo.com\/terms-conditions\/\"]}]},{\"@type\":\"BreadcrumbList\",\"@id\":\"https:\/\/www.valedolobo.com\/terms-conditions\/#breadcrumb\",\"itemListElement\":[{\"@type\":\"ListItem\",\"position\":1,\"name\":\"Home\",\"item\":\"https:\/\/www.valedolobo.com\/\"},{\"@type\":\"ListItem\",\"position\":2,\"name\":\"Terms &#038; Conditions\"}]},{\"@type\":\"WebSite\",\"@id\":\"https:\/\/www.valedolobo.com\/#website\",\"url\":\"https:\/\/www.valedolobo.com\/\",\"name\":\"Vale do Lobo Resort\",\"description\":\"Your Legendary Luxurious Resort\",\"publisher\":{\"@id\":\"https:\/\/www.valedolobo.com\/#organization\"},\"alternateName\":\"Vale do Lobo\",\"potentialAction\":[{\"@type\":\"SearchAction\",\"target\":{\"@type\":\"EntryPoint\",\"urlTemplate\":\"https:\/\/www.valedolobo.com\/?s={search_term_string}\"},\"query-input\":\"required name=search_term_string\"}],\"inLanguage\":\"pt-PT\"},{\"@type\":\"Organization\",\"@id\":\"https:\/\/www.valedolobo.com\/#organization\",\"name\":\"Vale do Lobo Resort\",\"alternateName\":\"Vale do Lobo\",\"url\":\"https:\/\/www.valedolobo.com\/\",\"logo\":{\"@type\":\"ImageObject\",\"inLanguage\":\"pt-PT\",\"@id\":\"https:\/\/www.valedolobo.com\/#\/schema\/logo\/image\/\",\"url\":\"https:\/\/www.valedolobo.com\/wp-content\/uploads\/2026\/01\/VDL_logo-2.png\",\"contentUrl\":\"https:\/\/www.valedolobo.com\/wp-content\/uploads\/2026\/01\/VDL_logo-2.png\",\"width\":298,\"height\":170,\"caption\":\"Vale do Lobo Resort\"},\"image\":{\"@id\":\"https:\/\/www.valedolobo.com\/#\/schema\/logo\/image\/\"},\"sameAs\":[\"https:\/\/www.facebook.com\/ValedoLoboAlgarve\/\",\"https:\/\/www.linkedin.com\/company\/vale-do-lobo\/\",\"https:\/\/www.youtube.com\/@valedoloboalgarve\",\"https:\/\/www.instagram.com\/vale.do.lobo\/\"],\"description\":\"Um dos resorts de luxo mais prestigiados da Europa, localizado no Algarve, oferecendo campos de golfe de classe mundial, t\u00e9nis, spa e alojamento exclusivo \u00e0 beira-mar.\",\"email\":\"recepcao@vdl.pt\",\"telephone\":\"00351289353000\",\"legalName\":\"Vale do Lobo, Resort Tur\u00edstico de Luxo, S.A.\",\"foundingDate\":\"1962-08-01\",\"vatID\":\"500697469\"}]}<\/script>\n<!-- \/ Yoast SEO Premium plugin. -->","yoast_head_json":{"title":"Terms & Conditions | Vale do Lobo","robots":{"index":"index","follow":"follow","max-snippet":"max-snippet:-1","max-image-preview":"max-image-preview:large","max-video-preview":"max-video-preview:-1"},"canonical":"https:\/\/www.valedolobo.com\/pt\/termos-e-condicoes\/","og_locale":"pt_PT","og_type":"article","og_title":"Terms & Conditions","og_description":"This is the Vale do Lobo&#8217;s Resort official&nbsp;website and all contents have been developed by the Vale do Lobo Marketing and Communications Department. Reproduction of any part of this site or use of imagery is strictly forbidden without the written permission of Vale do Lobo. &nbsp;Any information contained in this site is subject to change [&hellip;]","og_url":"https:\/\/www.valedolobo.com\/pt\/termos-e-condicoes\/","og_site_name":"Vale do Lobo","article_publisher":"https:\/\/www.facebook.com\/ValedoLoboAlgarve\/","article_modified_time":"2024-03-21T16:05:28+00:00","og_image":[{"width":1024,"height":768,"url":"https:\/\/www.valedolobo.com\/wp-content\/uploads\/2024\/03\/Image-2-11-1024x768.png","type":"image\/png"}],"twitter_card":"summary_large_image","twitter_misc":{"Tempo estimado de leitura":"6 minutos"},"schema":{"@context":"https:\/\/schema.org","@graph":[{"@type":"WebPage","@id":"https:\/\/www.valedolobo.com\/terms-conditions\/","url":"https:\/\/www.valedolobo.com\/terms-conditions\/","name":"Terms & Conditions | Vale do Lobo","isPartOf":{"@id":"https:\/\/www.valedolobo.com\/#website"},"datePublished":"2024-03-11T09:35:43+00:00","dateModified":"2024-03-21T16:05:28+00:00","breadcrumb":{"@id":"https:\/\/www.valedolobo.com\/terms-conditions\/#breadcrumb"},"inLanguage":"pt-PT","potentialAction":[{"@type":"ReadAction","target":["https:\/\/www.valedolobo.com\/terms-conditions\/"]}]},{"@type":"BreadcrumbList","@id":"https:\/\/www.valedolobo.com\/terms-conditions\/#breadcrumb","itemListElement":[{"@type":"ListItem","position":1,"name":"Home","item":"https:\/\/www.valedolobo.com\/"},{"@type":"ListItem","position":2,"name":"Terms &#038; Conditions"}]},{"@type":"WebSite","@id":"https:\/\/www.valedolobo.com\/#website","url":"https:\/\/www.valedolobo.com\/","name":"Vale do Lobo Resort","description":"Your Legendary Luxurious Resort","publisher":{"@id":"https:\/\/www.valedolobo.com\/#organization"},"alternateName":"Vale do Lobo","potentialAction":[{"@type":"SearchAction","target":{"@type":"EntryPoint","urlTemplate":"https:\/\/www.valedolobo.com\/?s={search_term_string}"},"query-input":"required name=search_term_string"}],"inLanguage":"pt-PT"},{"@type":"Organization","@id":"https:\/\/www.valedolobo.com\/#organization","name":"Vale do Lobo Resort","alternateName":"Vale do Lobo","url":"https:\/\/www.valedolobo.com\/","logo":{"@type":"ImageObject","inLanguage":"pt-PT","@id":"https:\/\/www.valedolobo.com\/#\/schema\/logo\/image\/","url":"https:\/\/www.valedolobo.com\/wp-content\/uploads\/2026\/01\/VDL_logo-2.png","contentUrl":"https:\/\/www.valedolobo.com\/wp-content\/uploads\/2026\/01\/VDL_logo-2.png","width":298,"height":170,"caption":"Vale do Lobo Resort"},"image":{"@id":"https:\/\/www.valedolobo.com\/#\/schema\/logo\/image\/"},"sameAs":["https:\/\/www.facebook.com\/ValedoLoboAlgarve\/","https:\/\/www.linkedin.com\/company\/vale-do-lobo\/","https:\/\/www.youtube.com\/@valedoloboalgarve","https:\/\/www.instagram.com\/vale.do.lobo\/"],"description":"Um dos resorts de luxo mais prestigiados da Europa, localizado no Algarve, oferecendo campos de golfe de classe mundial, t\u00e9nis, spa e alojamento exclusivo \u00e0 beira-mar.","email":"recepcao@vdl.pt","telephone":"00351289353000","legalName":"Vale do Lobo, Resort Tur\u00edstico de Luxo, S.A.","foundingDate":"1962-08-01","vatID":"500697469"}]}},"_links":{"self":[{"href":"https:\/\/www.valedolobo.com\/pt\/wp-json\/wp\/v2\/pages\/2055"}],"collection":[{"href":"https:\/\/www.valedolobo.com\/pt\/wp-json\/wp\/v2\/pages"}],"about":[{"href":"https:\/\/www.valedolobo.com\/pt\/wp-json\/wp\/v2\/types\/page"}],"author":[{"embeddable":true,"href":"https:\/\/www.valedolobo.com\/pt\/wp-json\/wp\/v2\/users\/2"}],"replies":[{"embeddable":true,"href":"https:\/\/www.valedolobo.com\/pt\/wp-json\/wp\/v2\/comments?post=2055"}],"version-history":[{"count":0,"href":"https:\/\/www.valedolobo.com\/pt\/wp-json\/wp\/v2\/pages\/2055\/revisions"}],"wp:attachment":[{"href":"https:\/\/www.valedolobo.com\/pt\/wp-json\/wp\/v2\/media?parent=2055"}],"curies":[{"name":"wp","href":"https:\/\/api.w.org\/{rel}","templated":true}]}}