{"id":3506,"date":"2024-03-19T22:33:00","date_gmt":"2024-03-19T22:33:00","guid":{"rendered":"https:\/\/www.valedolobo.com\/?page_id=3506"},"modified":"2024-10-31T09:51:14","modified_gmt":"2024-10-31T09:51:14","slug":"members-area","status":"publish","type":"page","link":"https:\/\/www.valedolobo.com\/pt\/area-de-membros\/","title":{"rendered":"\u00c1rea de Membros"},"content":{"rendered":"<div data-elementor-type=\"wp-page\" data-elementor-id=\"3506\" class=\"elementor elementor-3506\" data-elementor-post-type=\"page\">\n\t\t\t\t<div class=\"elementor-element elementor-element-eed1198 e-flex e-con-boxed e-con e-parent\" data-id=\"eed1198\" data-element_type=\"container\">\n\t\t\t\t\t<div class=\"e-con-inner\">\n\t\t\t\t<div class=\"elementor-element elementor-element-56329dda elementor-widget elementor-widget-text-editor\" data-id=\"56329dda\" data-element_type=\"widget\" data-widget_type=\"text-editor.default\">\n\t\t\t\t<div class=\"elementor-widget-container\">\n\t\t\t\t\t\t\t<h3>Bem-vindo \u00e0 \u00c1rea de Membros de Vale do Lobo<\/h3>\t\t\t\t\t\t<\/div>\n\t\t\t\t<\/div>\n\t\t\t\t<div class=\"elementor-element elementor-element-f464026 elementor-widget elementor-widget-text-editor\" data-id=\"f464026\" data-element_type=\"widget\" data-widget_type=\"text-editor.default\">\n\t\t\t\t<div class=\"elementor-widget-container\">\n\t\t\t\t\t\t\t<div><span style=\"text-align: var(--text-align); background-color: var( --e-global-color-1d345cd ); color: var( --e-global-color-text ); font-family: var( --e-global-typography-text-font-family ), Sans-serif; font-size: var( --e-global-typography-text-font-size ); font-weight: var( --e-global-typography-text-font-weight ); letter-spacing: var( --e-global-typography-text-letter-spacing );\">Nesta sec\u00e7\u00e3o, os membros poder\u00e3o aceder e consultar toda a informa\u00e7\u00e3o relativa \u00e0 sua conta pessoal atrav\u00e9s do seguinte link:<\/span><br><\/div>\t\t\t\t\t\t<\/div>\n\t\t\t\t<\/div>\n\t\t\t\t\t<\/div>\n\t\t\t\t<\/div>\n\t\t<div class=\"elementor-element elementor-element-7d6f67d e-flex e-con-boxed e-con e-parent\" data-id=\"7d6f67d\" data-element_type=\"container\">\n\t\t\t\t\t<div class=\"e-con-inner\">\n\t\t\t\t<div class=\"elementor-element elementor-element-0a1baab elementor-widget elementor-widget-button\" data-id=\"0a1baab\" data-element_type=\"widget\" data-widget_type=\"button.default\">\n\t\t\t\t<div class=\"elementor-widget-container\">\n\t\t\t\t\t<div class=\"elementor-button-wrapper\">\n\t\t\t<a class=\"elementor-button elementor-button-link elementor-size-sm\" href=\"https:\/\/archive.valedolobo.com\/pt\/accounts\/login\/?next=\/pt\/area-de-membros\/account\/\" target=\"_blank\">\n\t\t\t\t\t\t<span class=\"elementor-button-content-wrapper\">\n\t\t\t\t\t\t\t\t\t<span class=\"elementor-button-text\">Aceder<\/span>\n\t\t\t\t\t<\/span>\n\t\t\t\t\t<\/a>\n\t\t<\/div>\n\t\t\t\t<\/div>\n\t\t\t\t<\/div>\n\t\t\t\t\t<\/div>\n\t\t\t\t<\/div>\n\t\t\t\t<\/div>","protected":false},"excerpt":{"rendered":"<p>Welcome to the Vale do Lobo Members Area Members are able to access all of the information available within the Members platform by following this link: Access<\/p>","protected":false},"author":2,"featured_media":3508,"parent":0,"menu_order":0,"comment_status":"closed","ping_status":"closed","template":"","meta":{"_acf_changed":false,"footnotes":""},"acf":[],"yoast_head":"<!-- This site is optimized with the Yoast SEO Premium plugin v23.0 (Yoast SEO v23.0) - https:\/\/yoast.com\/wordpress\/plugins\/seo\/ -->\n<title>Resort Members Area | Vale do Lobo<\/title>\n<meta name=\"description\" content=\"Exclusive access for Owners Club members. Explore your Vale do Lobo Resort Members Area for premium privileges.\" \/>\n<meta name=\"robots\" content=\"index, follow, max-snippet:-1, max-image-preview:large, max-video-preview:-1\" \/>\n<link rel=\"canonical\" href=\"https:\/\/www.valedolobo.com\/pt\/area-de-membros\/\" \/>\n<meta property=\"og:locale\" content=\"pt_PT\" \/>\n<meta property=\"og:type\" content=\"article\" \/>\n<meta property=\"og:title\" content=\"Members area\" \/>\n<meta property=\"og:description\" content=\"Exclusive access for Owners Club members. Explore your Vale do Lobo Resort Members Area for premium privileges.\" \/>\n<meta property=\"og:url\" content=\"https:\/\/www.valedolobo.com\/pt\/area-de-membros\/\" \/>\n<meta property=\"og:site_name\" content=\"Vale do Lobo\" \/>\n<meta property=\"article:publisher\" content=\"https:\/\/www.facebook.com\/ValedoLoboAlgarve\/\" \/>\n<meta property=\"article:modified_time\" content=\"2024-10-31T09:51:14+00:00\" \/>\n<meta property=\"og:image\" content=\"https:\/\/www.valedolobo.com\/wp-content\/uploads\/2024\/03\/BusinessCentre_20141204_VDL_ClubofClubs_001_FHD.webp\" \/>\n\t<meta property=\"og:image:width\" content=\"1920\" \/>\n\t<meta property=\"og:image:height\" content=\"1280\" \/>\n\t<meta property=\"og:image:type\" content=\"image\/webp\" \/>\n<meta name=\"twitter:card\" content=\"summary_large_image\" \/>\n<meta name=\"twitter:label1\" content=\"Tempo estimado de leitura\" \/>\n\t<meta name=\"twitter:data1\" content=\"1 minuto\" \/>\n<script type=\"application\/ld+json\" class=\"yoast-schema-graph\">{\"@context\":\"https:\/\/schema.org\",\"@graph\":[{\"@type\":\"WebPage\",\"@id\":\"https:\/\/www.valedolobo.com\/members-area\/\",\"url\":\"https:\/\/www.valedolobo.com\/members-area\/\",\"name\":\"Resort Members Area | Vale do Lobo\",\"isPartOf\":{\"@id\":\"https:\/\/www.valedolobo.com\/#website\"},\"primaryImageOfPage\":{\"@id\":\"https:\/\/www.valedolobo.com\/members-area\/#primaryimage\"},\"image\":{\"@id\":\"https:\/\/www.valedolobo.com\/members-area\/#primaryimage\"},\"thumbnailUrl\":\"https:\/\/www.valedolobo.com\/wp-content\/uploads\/2024\/03\/BusinessCentre_20141204_VDL_ClubofClubs_001_FHD.webp\",\"datePublished\":\"2024-03-19T22:33:00+00:00\",\"dateModified\":\"2024-10-31T09:51:14+00:00\",\"description\":\"Exclusive access for Owners Club members. Explore your Vale do Lobo Resort Members Area for premium privileges.\",\"breadcrumb\":{\"@id\":\"https:\/\/www.valedolobo.com\/members-area\/#breadcrumb\"},\"inLanguage\":\"pt-PT\",\"potentialAction\":[{\"@type\":\"ReadAction\",\"target\":[\"https:\/\/www.valedolobo.com\/members-area\/\"]}]},{\"@type\":\"ImageObject\",\"inLanguage\":\"pt-PT\",\"@id\":\"https:\/\/www.valedolobo.com\/members-area\/#primaryimage\",\"url\":\"https:\/\/www.valedolobo.com\/wp-content\/uploads\/2024\/03\/BusinessCentre_20141204_VDL_ClubofClubs_001_FHD.webp\",\"contentUrl\":\"https:\/\/www.valedolobo.com\/wp-content\/uploads\/2024\/03\/BusinessCentre_20141204_VDL_ClubofClubs_001_FHD.webp\",\"width\":1920,\"height\":1280},{\"@type\":\"BreadcrumbList\",\"@id\":\"https:\/\/www.valedolobo.com\/members-area\/#breadcrumb\",\"itemListElement\":[{\"@type\":\"ListItem\",\"position\":1,\"name\":\"Home\",\"item\":\"https:\/\/www.valedolobo.com\/\"},{\"@type\":\"ListItem\",\"position\":2,\"name\":\"Members area\"}]},{\"@type\":\"WebSite\",\"@id\":\"https:\/\/www.valedolobo.com\/#website\",\"url\":\"https:\/\/www.valedolobo.com\/\",\"name\":\"Vale do Lobo Resort\",\"description\":\"Your Legendary Luxurious Resort\",\"publisher\":{\"@id\":\"https:\/\/www.valedolobo.com\/#organization\"},\"alternateName\":\"Vale do Lobo\",\"potentialAction\":[{\"@type\":\"SearchAction\",\"target\":{\"@type\":\"EntryPoint\",\"urlTemplate\":\"https:\/\/www.valedolobo.com\/?s={search_term_string}\"},\"query-input\":\"required name=search_term_string\"}],\"inLanguage\":\"pt-PT\"},{\"@type\":\"Organization\",\"@id\":\"https:\/\/www.valedolobo.com\/#organization\",\"name\":\"Vale do Lobo Resort\",\"alternateName\":\"Vale do Lobo\",\"url\":\"https:\/\/www.valedolobo.com\/\",\"logo\":{\"@type\":\"ImageObject\",\"inLanguage\":\"pt-PT\",\"@id\":\"https:\/\/www.valedolobo.com\/#\/schema\/logo\/image\/\",\"url\":\"https:\/\/www.valedolobo.com\/wp-content\/uploads\/2026\/01\/VDL_logo-2.png\",\"contentUrl\":\"https:\/\/www.valedolobo.com\/wp-content\/uploads\/2026\/01\/VDL_logo-2.png\",\"width\":298,\"height\":170,\"caption\":\"Vale do Lobo Resort\"},\"image\":{\"@id\":\"https:\/\/www.valedolobo.com\/#\/schema\/logo\/image\/\"},\"sameAs\":[\"https:\/\/www.facebook.com\/ValedoLoboAlgarve\/\",\"https:\/\/www.linkedin.com\/company\/vale-do-lobo\/\",\"https:\/\/www.youtube.com\/@valedoloboalgarve\",\"https:\/\/www.instagram.com\/vale.do.lobo\/\"],\"description\":\"Um dos resorts de luxo mais prestigiados da Europa, localizado no Algarve, oferecendo campos de golfe de classe mundial, t\u00e9nis, spa e alojamento exclusivo \u00e0 beira-mar.\",\"email\":\"recepcao@vdl.pt\",\"telephone\":\"00351289353000\",\"legalName\":\"Vale do Lobo, Resort Tur\u00edstico de Luxo, S.A.\",\"foundingDate\":\"1962-08-01\",\"vatID\":\"500697469\"}]}<\/script>\n<!-- \/ Yoast SEO Premium plugin. -->","yoast_head_json":{"title":"Resort Members Area | Vale do Lobo","description":"Exclusive access for Owners Club members. Explore your Vale do Lobo Resort Members Area for premium privileges.","robots":{"index":"index","follow":"follow","max-snippet":"max-snippet:-1","max-image-preview":"max-image-preview:large","max-video-preview":"max-video-preview:-1"},"canonical":"https:\/\/www.valedolobo.com\/pt\/area-de-membros\/","og_locale":"pt_PT","og_type":"article","og_title":"Members area","og_description":"Exclusive access for Owners Club members. Explore your Vale do Lobo Resort Members Area for premium privileges.","og_url":"https:\/\/www.valedolobo.com\/pt\/area-de-membros\/","og_site_name":"Vale do Lobo","article_publisher":"https:\/\/www.facebook.com\/ValedoLoboAlgarve\/","article_modified_time":"2024-10-31T09:51:14+00:00","og_image":[{"width":1920,"height":1280,"url":"https:\/\/www.valedolobo.com\/wp-content\/uploads\/2024\/03\/BusinessCentre_20141204_VDL_ClubofClubs_001_FHD.webp","type":"image\/webp"}],"twitter_card":"summary_large_image","twitter_misc":{"Tempo estimado de leitura":"1 minuto"},"schema":{"@context":"https:\/\/schema.org","@graph":[{"@type":"WebPage","@id":"https:\/\/www.valedolobo.com\/members-area\/","url":"https:\/\/www.valedolobo.com\/members-area\/","name":"Resort Members Area | Vale do Lobo","isPartOf":{"@id":"https:\/\/www.valedolobo.com\/#website"},"primaryImageOfPage":{"@id":"https:\/\/www.valedolobo.com\/members-area\/#primaryimage"},"image":{"@id":"https:\/\/www.valedolobo.com\/members-area\/#primaryimage"},"thumbnailUrl":"https:\/\/www.valedolobo.com\/wp-content\/uploads\/2024\/03\/BusinessCentre_20141204_VDL_ClubofClubs_001_FHD.webp","datePublished":"2024-03-19T22:33:00+00:00","dateModified":"2024-10-31T09:51:14+00:00","description":"Exclusive access for Owners Club members. Explore your Vale do Lobo Resort Members Area for premium privileges.","breadcrumb":{"@id":"https:\/\/www.valedolobo.com\/members-area\/#breadcrumb"},"inLanguage":"pt-PT","potentialAction":[{"@type":"ReadAction","target":["https:\/\/www.valedolobo.com\/members-area\/"]}]},{"@type":"ImageObject","inLanguage":"pt-PT","@id":"https:\/\/www.valedolobo.com\/members-area\/#primaryimage","url":"https:\/\/www.valedolobo.com\/wp-content\/uploads\/2024\/03\/BusinessCentre_20141204_VDL_ClubofClubs_001_FHD.webp","contentUrl":"https:\/\/www.valedolobo.com\/wp-content\/uploads\/2024\/03\/BusinessCentre_20141204_VDL_ClubofClubs_001_FHD.webp","width":1920,"height":1280},{"@type":"BreadcrumbList","@id":"https:\/\/www.valedolobo.com\/members-area\/#breadcrumb","itemListElement":[{"@type":"ListItem","position":1,"name":"Home","item":"https:\/\/www.valedolobo.com\/"},{"@type":"ListItem","position":2,"name":"Members area"}]},{"@type":"WebSite","@id":"https:\/\/www.valedolobo.com\/#website","url":"https:\/\/www.valedolobo.com\/","name":"Vale do Lobo Resort","description":"Your Legendary Luxurious Resort","publisher":{"@id":"https:\/\/www.valedolobo.com\/#organization"},"alternateName":"Vale do Lobo","potentialAction":[{"@type":"SearchAction","target":{"@type":"EntryPoint","urlTemplate":"https:\/\/www.valedolobo.com\/?s={search_term_string}"},"query-input":"required name=search_term_string"}],"inLanguage":"pt-PT"},{"@type":"Organization","@id":"https:\/\/www.valedolobo.com\/#organization","name":"Vale do Lobo Resort","alternateName":"Vale do Lobo","url":"https:\/\/www.valedolobo.com\/","logo":{"@type":"ImageObject","inLanguage":"pt-PT","@id":"https:\/\/www.valedolobo.com\/#\/schema\/logo\/image\/","url":"https:\/\/www.valedolobo.com\/wp-content\/uploads\/2026\/01\/VDL_logo-2.png","contentUrl":"https:\/\/www.valedolobo.com\/wp-content\/uploads\/2026\/01\/VDL_logo-2.png","width":298,"height":170,"caption":"Vale do Lobo Resort"},"image":{"@id":"https:\/\/www.valedolobo.com\/#\/schema\/logo\/image\/"},"sameAs":["https:\/\/www.facebook.com\/ValedoLoboAlgarve\/","https:\/\/www.linkedin.com\/company\/vale-do-lobo\/","https:\/\/www.youtube.com\/@valedoloboalgarve","https:\/\/www.instagram.com\/vale.do.lobo\/"],"description":"Um dos resorts de luxo mais prestigiados da Europa, localizado no Algarve, oferecendo campos de golfe de classe mundial, t\u00e9nis, spa e alojamento exclusivo \u00e0 beira-mar.","email":"recepcao@vdl.pt","telephone":"00351289353000","legalName":"Vale do Lobo, Resort Tur\u00edstico de Luxo, S.A.","foundingDate":"1962-08-01","vatID":"500697469"}]}},"_links":{"self":[{"href":"https:\/\/www.valedolobo.com\/pt\/wp-json\/wp\/v2\/pages\/3506"}],"collection":[{"href":"https:\/\/www.valedolobo.com\/pt\/wp-json\/wp\/v2\/pages"}],"about":[{"href":"https:\/\/www.valedolobo.com\/pt\/wp-json\/wp\/v2\/types\/page"}],"author":[{"embeddable":true,"href":"https:\/\/www.valedolobo.com\/pt\/wp-json\/wp\/v2\/users\/2"}],"replies":[{"embeddable":true,"href":"https:\/\/www.valedolobo.com\/pt\/wp-json\/wp\/v2\/comments?post=3506"}],"version-history":[{"count":16,"href":"https:\/\/www.valedolobo.com\/pt\/wp-json\/wp\/v2\/pages\/3506\/revisions"}],"predecessor-version":[{"id":10117,"href":"https:\/\/www.valedolobo.com\/pt\/wp-json\/wp\/v2\/pages\/3506\/revisions\/10117"}],"wp:featuredmedia":[{"embeddable":true,"href":"https:\/\/www.valedolobo.com\/pt\/wp-json\/wp\/v2\/media\/3508"}],"wp:attachment":[{"href":"https:\/\/www.valedolobo.com\/pt\/wp-json\/wp\/v2\/media?parent=3506"}],"curies":[{"name":"wp","href":"https:\/\/api.w.org\/{rel}","templated":true}]}}